{"id":27882,"date":"2025-06-27T16:58:24","date_gmt":"2025-06-27T13:58:24","guid":{"rendered":"https:\/\/kervanmagazacilik.com\/?post_type=product&#038;p=27882"},"modified":"2025-06-27T16:58:25","modified_gmt":"2025-06-27T13:58:25","slug":"611ps0000052","status":"publish","type":"product","link":"https:\/\/kervanmagazacilik.com\/index.php\/urun\/611ps0000052\/","title":{"rendered":"611PS0000052"},"content":{"rendered":"<p>611PS0000052<\/p>\n<p>TV \u00dcN\u0130TES\u0130 140x40x50cm LMZ4<\/p>\n<p>Toz alma aparat\u0131 ile tozunu al\u0131n.<\/p>\n","protected":false},"excerpt":{"rendered":"<p>611PS0000052 TV \u00dcN\u0130TES\u0130 140x40x50cm LMZ4 Toz alma aparat\u0131 ile tozunu al\u0131n.<\/p>\n","protected":false},"featured_media":27884,"template":"","meta":[],"product_brand":[],"product_cat":[74],"product_tag":[6072],"class_list":{"0":"post-27882","1":"product","2":"type-product","3":"status-publish","4":"has-post-thumbnail","6":"product_cat-611ps","7":"product_tag-611ps0000052","9":"first","10":"instock","11":"taxable","12":"shipping-taxable","13":"product-type-simple"},"_links":{"self":[{"href":"https:\/\/kervanmagazacilik.com\/index.php\/wp-json\/wp\/v2\/product\/27882","targetHints":{"allow":["GET"]}}],"collection":[{"href":"https:\/\/kervanmagazacilik.com\/index.php\/wp-json\/wp\/v2\/product"}],"about":[{"href":"https:\/\/kervanmagazacilik.com\/index.php\/wp-json\/wp\/v2\/types\/product"}],"wp:featuredmedia":[{"embeddable":true,"href":"https:\/\/kervanmagazacilik.com\/index.php\/wp-json\/wp\/v2\/media\/27884"}],"wp:attachment":[{"href":"https:\/\/kervanmagazacilik.com\/index.php\/wp-json\/wp\/v2\/media?parent=27882"}],"wp:term":[{"taxonomy":"product_brand","embeddable":true,"href":"https:\/\/kervanmagazacilik.com\/index.php\/wp-json\/wp\/v2\/product_brand?post=27882"},{"taxonomy":"product_cat","embeddable":true,"href":"https:\/\/kervanmagazacilik.com\/index.php\/wp-json\/wp\/v2\/product_cat?post=27882"},{"taxonomy":"product_tag","embeddable":true,"href":"https:\/\/kervanmagazacilik.com\/index.php\/wp-json\/wp\/v2\/product_tag?post=27882"}],"curies":[{"name":"wp","href":"https:\/\/api.w.org\/{rel}","templated":true}]}}