{"id":27859,"date":"2025-06-26T16:39:40","date_gmt":"2025-06-26T13:39:40","guid":{"rendered":"https:\/\/kervanmagazacilik.com\/?post_type=product&#038;p=27859"},"modified":"2025-06-26T16:40:53","modified_gmt":"2025-06-26T13:40:53","slug":"671krm000008-2","status":"publish","type":"product","link":"https:\/\/kervanmagazacilik.com\/index.php\/urun\/671krm000008-2\/","title":{"rendered":"671KRM000008"},"content":{"rendered":"<p>671KRM000008<\/p>\n<p>LEAFY KAYIK TABAK 26 CM<\/p>\n<p>Malzeme: Seramik Desenler, digital bask\u0131 ile edinilmi\u015ftir. Mikrodalga f\u0131r\u0131nda kullan\u0131ma uygundur. Ev tipi bula\u015f\u0131k makinesinde y\u0131kanabilir. Sanayi tipi bula\u015f\u0131k makinesinde y\u0131kamaya uygun de\u011fildir.<\/p>\n<p>&nbsp;<\/p>\n<p>&nbsp;<\/p>\n","protected":false},"excerpt":{"rendered":"<p>671KRM000008 LEAFY KAYIK TABAK 26 CM Malzeme: Seramik Desenler, digital bask\u0131 ile edinilmi\u015ftir. Mikrodalga f\u0131r\u0131nda kullan\u0131ma uygundur. Ev tipi bula\u015f\u0131k makinesinde y\u0131kanabilir. Sanayi tipi bula\u015f\u0131k makinesinde y\u0131kamaya uygun de\u011fildir. &nbsp; &nbsp;<\/p>\n","protected":false},"featured_media":27860,"template":"","meta":[],"product_brand":[],"product_cat":[6016],"product_tag":[6018],"class_list":{"0":"post-27859","1":"product","2":"type-product","3":"status-publish","4":"has-post-thumbnail","6":"product_cat-671krm","7":"product_tag-671krm000008","9":"first","10":"instock","11":"taxable","12":"shipping-taxable","13":"product-type-simple"},"_links":{"self":[{"href":"https:\/\/kervanmagazacilik.com\/index.php\/wp-json\/wp\/v2\/product\/27859","targetHints":{"allow":["GET"]}}],"collection":[{"href":"https:\/\/kervanmagazacilik.com\/index.php\/wp-json\/wp\/v2\/product"}],"about":[{"href":"https:\/\/kervanmagazacilik.com\/index.php\/wp-json\/wp\/v2\/types\/product"}],"wp:featuredmedia":[{"embeddable":true,"href":"https:\/\/kervanmagazacilik.com\/index.php\/wp-json\/wp\/v2\/media\/27860"}],"wp:attachment":[{"href":"https:\/\/kervanmagazacilik.com\/index.php\/wp-json\/wp\/v2\/media?parent=27859"}],"wp:term":[{"taxonomy":"product_brand","embeddable":true,"href":"https:\/\/kervanmagazacilik.com\/index.php\/wp-json\/wp\/v2\/product_brand?post=27859"},{"taxonomy":"product_cat","embeddable":true,"href":"https:\/\/kervanmagazacilik.com\/index.php\/wp-json\/wp\/v2\/product_cat?post=27859"},{"taxonomy":"product_tag","embeddable":true,"href":"https:\/\/kervanmagazacilik.com\/index.php\/wp-json\/wp\/v2\/product_tag?post=27859"}],"curies":[{"name":"wp","href":"https:\/\/api.w.org\/{rel}","templated":true}]}}