{"id":27834,"date":"2025-06-26T16:21:36","date_gmt":"2025-06-26T13:21:36","guid":{"rendered":"https:\/\/kervanmagazacilik.com\/?post_type=product&#038;p=27834"},"modified":"2025-07-10T09:26:04","modified_gmt":"2025-07-10T06:26:04","slug":"611dnt000040","status":"publish","type":"product","link":"https:\/\/kervanmagazacilik.com\/index.php\/urun\/611dnt000040\/","title":{"rendered":"611DNT000040"},"content":{"rendered":"<p>611DNT000040<\/p>\n<p>ELEGANCE 2&#8217;L\u0130 Z\u0130GON SEHPA P\u0130R\u0130N\u00c7 ESK\u0130TME (47&#215;47 H:50,5cm + 37,5&#215;37,5 H:45,5 cm)<\/p>\n<p>MATERYAL: METAL + POL\u0130\u00dcRETAN + CAM<br \/>\nRENK: P\u0130R\u0130N\u00c7 ESK\u0130TME<br \/>\nHAF\u0130F NEML\u0130 BEZ \u0130LE TOZ ALINMALIDIR<\/p>\n","protected":false},"excerpt":{"rendered":"<p>611DNT000040 ELEGANCE 2&#8217;L\u0130 Z\u0130GON SEHPA P\u0130R\u0130N\u00c7 ESK\u0130TME (47&#215;47 H:50,5cm + 37,5&#215;37,5 H:45,5 cm) MATERYAL: METAL + POL\u0130\u00dcRETAN + CAM RENK: P\u0130R\u0130N\u00c7 ESK\u0130TME HAF\u0130F NEML\u0130 BEZ \u0130LE TOZ ALINMALIDIR<\/p>\n","protected":false},"featured_media":27835,"template":"","meta":[],"product_brand":[],"product_cat":[88],"product_tag":[6064],"class_list":{"0":"post-27834","1":"product","2":"type-product","3":"status-publish","4":"has-post-thumbnail","6":"product_cat-611dnt","7":"product_tag-611dnt000040","9":"first","10":"instock","11":"taxable","12":"shipping-taxable","13":"product-type-simple"},"_links":{"self":[{"href":"https:\/\/kervanmagazacilik.com\/index.php\/wp-json\/wp\/v2\/product\/27834","targetHints":{"allow":["GET"]}}],"collection":[{"href":"https:\/\/kervanmagazacilik.com\/index.php\/wp-json\/wp\/v2\/product"}],"about":[{"href":"https:\/\/kervanmagazacilik.com\/index.php\/wp-json\/wp\/v2\/types\/product"}],"wp:featuredmedia":[{"embeddable":true,"href":"https:\/\/kervanmagazacilik.com\/index.php\/wp-json\/wp\/v2\/media\/27835"}],"wp:attachment":[{"href":"https:\/\/kervanmagazacilik.com\/index.php\/wp-json\/wp\/v2\/media?parent=27834"}],"wp:term":[{"taxonomy":"product_brand","embeddable":true,"href":"https:\/\/kervanmagazacilik.com\/index.php\/wp-json\/wp\/v2\/product_brand?post=27834"},{"taxonomy":"product_cat","embeddable":true,"href":"https:\/\/kervanmagazacilik.com\/index.php\/wp-json\/wp\/v2\/product_cat?post=27834"},{"taxonomy":"product_tag","embeddable":true,"href":"https:\/\/kervanmagazacilik.com\/index.php\/wp-json\/wp\/v2\/product_tag?post=27834"}],"curies":[{"name":"wp","href":"https:\/\/api.w.org\/{rel}","templated":true}]}}