{"id":27792,"date":"2025-06-26T14:32:10","date_gmt":"2025-06-26T11:32:10","guid":{"rendered":"https:\/\/kervanmagazacilik.com\/?post_type=product&#038;p=27792"},"modified":"2025-06-26T14:32:10","modified_gmt":"2025-06-26T11:32:10","slug":"611artf00509","status":"publish","type":"product","link":"https:\/\/kervanmagazacilik.com\/index.php\/urun\/611artf00509\/","title":{"rendered":"611ARTF00509"},"content":{"rendered":"<p>611ARTF00509<\/p>\n<p>COVE ORTA SEHPA GR\u0130 CAMLI D\u0130KD\u00d6RTGEN 112x112x46cm 349301-2743<\/p>\n<p>&nbsp;<\/p>\n<p>&nbsp;<\/p>\n","protected":false},"excerpt":{"rendered":"<p>611ARTF00509 COVE ORTA SEHPA GR\u0130 CAMLI D\u0130KD\u00d6RTGEN 112x112x46cm 349301-2743 &nbsp; &nbsp;<\/p>\n","protected":false},"featured_media":27794,"template":"","meta":[],"product_brand":[],"product_cat":[41],"product_tag":[6059],"class_list":{"0":"post-27792","1":"product","2":"type-product","3":"status-publish","4":"has-post-thumbnail","6":"product_cat-611artf","7":"product_tag-611artf00509","9":"first","10":"instock","11":"taxable","12":"shipping-taxable","13":"product-type-simple"},"_links":{"self":[{"href":"https:\/\/kervanmagazacilik.com\/index.php\/wp-json\/wp\/v2\/product\/27792","targetHints":{"allow":["GET"]}}],"collection":[{"href":"https:\/\/kervanmagazacilik.com\/index.php\/wp-json\/wp\/v2\/product"}],"about":[{"href":"https:\/\/kervanmagazacilik.com\/index.php\/wp-json\/wp\/v2\/types\/product"}],"wp:featuredmedia":[{"embeddable":true,"href":"https:\/\/kervanmagazacilik.com\/index.php\/wp-json\/wp\/v2\/media\/27794"}],"wp:attachment":[{"href":"https:\/\/kervanmagazacilik.com\/index.php\/wp-json\/wp\/v2\/media?parent=27792"}],"wp:term":[{"taxonomy":"product_brand","embeddable":true,"href":"https:\/\/kervanmagazacilik.com\/index.php\/wp-json\/wp\/v2\/product_brand?post=27792"},{"taxonomy":"product_cat","embeddable":true,"href":"https:\/\/kervanmagazacilik.com\/index.php\/wp-json\/wp\/v2\/product_cat?post=27792"},{"taxonomy":"product_tag","embeddable":true,"href":"https:\/\/kervanmagazacilik.com\/index.php\/wp-json\/wp\/v2\/product_tag?post=27792"}],"curies":[{"name":"wp","href":"https:\/\/api.w.org\/{rel}","templated":true}]}}