{"id":27735,"date":"2025-06-26T13:58:33","date_gmt":"2025-06-26T10:58:33","guid":{"rendered":"https:\/\/kervanmagazacilik.com\/?post_type=product&#038;p=27735"},"modified":"2025-06-26T13:58:34","modified_gmt":"2025-06-26T10:58:34","slug":"611artf00504","status":"publish","type":"product","link":"https:\/\/kervanmagazacilik.com\/index.php\/urun\/611artf00504\/","title":{"rendered":"611ARTF00504"},"content":{"rendered":"<p>611ARTF00504<\/p>\n<p>COVE YEMEK MASASI A\u00c7ILIR D\u0130KD\u00d6RTGEN GR\u0130 112x310x76cm 349220-2743<\/p>\n<p>&nbsp;<\/p>\n","protected":false},"excerpt":{"rendered":"<p>611ARTF00504 COVE YEMEK MASASI A\u00c7ILIR D\u0130KD\u00d6RTGEN GR\u0130 112x310x76cm 349220-2743 &nbsp;<\/p>\n","protected":false},"featured_media":27738,"template":"","meta":[],"product_brand":[],"product_cat":[41],"product_tag":[6054],"class_list":{"0":"post-27735","1":"product","2":"type-product","3":"status-publish","4":"has-post-thumbnail","6":"product_cat-611artf","7":"product_tag-611artf00504","9":"first","10":"instock","11":"taxable","12":"shipping-taxable","13":"product-type-simple"},"_links":{"self":[{"href":"https:\/\/kervanmagazacilik.com\/index.php\/wp-json\/wp\/v2\/product\/27735","targetHints":{"allow":["GET"]}}],"collection":[{"href":"https:\/\/kervanmagazacilik.com\/index.php\/wp-json\/wp\/v2\/product"}],"about":[{"href":"https:\/\/kervanmagazacilik.com\/index.php\/wp-json\/wp\/v2\/types\/product"}],"wp:featuredmedia":[{"embeddable":true,"href":"https:\/\/kervanmagazacilik.com\/index.php\/wp-json\/wp\/v2\/media\/27738"}],"wp:attachment":[{"href":"https:\/\/kervanmagazacilik.com\/index.php\/wp-json\/wp\/v2\/media?parent=27735"}],"wp:term":[{"taxonomy":"product_brand","embeddable":true,"href":"https:\/\/kervanmagazacilik.com\/index.php\/wp-json\/wp\/v2\/product_brand?post=27735"},{"taxonomy":"product_cat","embeddable":true,"href":"https:\/\/kervanmagazacilik.com\/index.php\/wp-json\/wp\/v2\/product_cat?post=27735"},{"taxonomy":"product_tag","embeddable":true,"href":"https:\/\/kervanmagazacilik.com\/index.php\/wp-json\/wp\/v2\/product_tag?post=27735"}],"curies":[{"name":"wp","href":"https:\/\/api.w.org\/{rel}","templated":true}]}}