{"id":27734,"date":"2025-06-26T13:54:22","date_gmt":"2025-06-26T10:54:22","guid":{"rendered":"https:\/\/kervanmagazacilik.com\/?post_type=product&#038;p=27734"},"modified":"2025-06-26T13:54:24","modified_gmt":"2025-06-26T10:54:24","slug":"611artf00503","status":"publish","type":"product","link":"https:\/\/kervanmagazacilik.com\/index.php\/urun\/611artf00503\/","title":{"rendered":"611ARTF00503"},"content":{"rendered":"<p>611ARTF00503<\/p>\n<p>COVE \u015e\u0130FONYER GR\u0130 5 \u00c7EKMECEL\u0130 48x97x142cm 349150-2743<\/p>\n","protected":false},"excerpt":{"rendered":"<p>611ARTF00503 COVE \u015e\u0130FONYER GR\u0130 5 \u00c7EKMECEL\u0130 48x97x142cm 349150-2743<\/p>\n","protected":false},"featured_media":27736,"template":"","meta":[],"product_brand":[],"product_cat":[41],"product_tag":[6053],"class_list":{"0":"post-27734","1":"product","2":"type-product","3":"status-publish","4":"has-post-thumbnail","6":"product_cat-611artf","7":"product_tag-611artf00503","9":"first","10":"instock","11":"taxable","12":"shipping-taxable","13":"product-type-simple"},"_links":{"self":[{"href":"https:\/\/kervanmagazacilik.com\/index.php\/wp-json\/wp\/v2\/product\/27734","targetHints":{"allow":["GET"]}}],"collection":[{"href":"https:\/\/kervanmagazacilik.com\/index.php\/wp-json\/wp\/v2\/product"}],"about":[{"href":"https:\/\/kervanmagazacilik.com\/index.php\/wp-json\/wp\/v2\/types\/product"}],"wp:featuredmedia":[{"embeddable":true,"href":"https:\/\/kervanmagazacilik.com\/index.php\/wp-json\/wp\/v2\/media\/27736"}],"wp:attachment":[{"href":"https:\/\/kervanmagazacilik.com\/index.php\/wp-json\/wp\/v2\/media?parent=27734"}],"wp:term":[{"taxonomy":"product_brand","embeddable":true,"href":"https:\/\/kervanmagazacilik.com\/index.php\/wp-json\/wp\/v2\/product_brand?post=27734"},{"taxonomy":"product_cat","embeddable":true,"href":"https:\/\/kervanmagazacilik.com\/index.php\/wp-json\/wp\/v2\/product_cat?post=27734"},{"taxonomy":"product_tag","embeddable":true,"href":"https:\/\/kervanmagazacilik.com\/index.php\/wp-json\/wp\/v2\/product_tag?post=27734"}],"curies":[{"name":"wp","href":"https:\/\/api.w.org\/{rel}","templated":true}]}}