{"id":2772,"date":"2024-08-27T15:49:47","date_gmt":"2024-08-27T12:49:47","guid":{"rendered":"https:\/\/kervanmagazacilik.com\/?post_type=product&#038;p=2772"},"modified":"2024-09-21T08:01:38","modified_gmt":"2024-09-21T05:01:38","slug":"611grs000016","status":"publish","type":"product","link":"https:\/\/kervanmagazacilik.com\/index.php\/urun\/611grs000016\/","title":{"rendered":"611GRS000016"},"content":{"rendered":"<p>611GRS000016<\/p>\n<p>TEKL\u0130 KOLTUK<\/p>\n<p>69x73x78cm 2077S-1<\/p>\n<p>Al\u00fcminyum+Polyester Urgan<\/p>\n<p>Minder:50% pamuk, 50% polyester<\/p>\n<p>Mobilyalar\u0131 sert temizleyiciler veya cila ile temizlemeyin.<br \/>\nD\u0131\u015f mekan \u00fcr\u00fcnlerinizin en uzun kullan\u0131m \u00f6mr\u00fcn\u00fc elde etmek i\u00e7in ya\u011fmur, kar ve do\u011frudan g\u00fcne\u015f \u0131\u015f\u0131\u011f\u0131na uzun s\u00fcre maruz kalmaktan ka\u00e7\u0131n\u0131n. M\u00fcmk\u00fcn oldu\u011funda \u00fcr\u00fcn\u00fc \u00f6rt\u00fcn ve\/veya veranda veya tentelerin alt\u0131na yerle\u015ftirin.<br \/>\n\u00c7ocuklar mobilyalar\u0131n \u00fczerine t\u0131rmanmamal\u0131 veya atlamamal\u0131d\u0131r.<br \/>\nLekeler yumu\u015fak sabun sol\u00fcsyonu ve nemli bez ile \u00e7\u0131kar\u0131labilir.<\/p>\n","protected":false},"excerpt":{"rendered":"<p>611GRS000016 TEKL\u0130 KOLTUK 69x73x78cm 2077S-1 Al\u00fcminyum+Polyester Urgan Minder:50% pamuk, 50% polyester Mobilyalar\u0131 sert temizleyiciler veya cila ile temizlemeyin. D\u0131\u015f mekan \u00fcr\u00fcnlerinizin en uzun kullan\u0131m \u00f6mr\u00fcn\u00fc elde etmek i\u00e7in ya\u011fmur, kar ve do\u011frudan g\u00fcne\u015f \u0131\u015f\u0131\u011f\u0131na uzun s\u00fcre maruz kalmaktan ka\u00e7\u0131n\u0131n. M\u00fcmk\u00fcn oldu\u011funda \u00fcr\u00fcn\u00fc \u00f6rt\u00fcn ve\/veya veranda veya tentelerin alt\u0131na yerle\u015ftirin. \u00c7ocuklar mobilyalar\u0131n \u00fczerine t\u0131rmanmamal\u0131 veya atlamamal\u0131d\u0131r. [&hellip;]<\/p>\n","protected":false},"featured_media":2776,"template":"","meta":[],"product_brand":[],"product_cat":[1027],"product_tag":[777],"class_list":{"0":"post-2772","1":"product","2":"type-product","3":"status-publish","4":"has-post-thumbnail","6":"product_cat-611grs","7":"product_tag-611grs000016","9":"first","10":"instock","11":"taxable","12":"shipping-taxable","13":"product-type-simple"},"_links":{"self":[{"href":"https:\/\/kervanmagazacilik.com\/index.php\/wp-json\/wp\/v2\/product\/2772","targetHints":{"allow":["GET"]}}],"collection":[{"href":"https:\/\/kervanmagazacilik.com\/index.php\/wp-json\/wp\/v2\/product"}],"about":[{"href":"https:\/\/kervanmagazacilik.com\/index.php\/wp-json\/wp\/v2\/types\/product"}],"wp:featuredmedia":[{"embeddable":true,"href":"https:\/\/kervanmagazacilik.com\/index.php\/wp-json\/wp\/v2\/media\/2776"}],"wp:attachment":[{"href":"https:\/\/kervanmagazacilik.com\/index.php\/wp-json\/wp\/v2\/media?parent=2772"}],"wp:term":[{"taxonomy":"product_brand","embeddable":true,"href":"https:\/\/kervanmagazacilik.com\/index.php\/wp-json\/wp\/v2\/product_brand?post=2772"},{"taxonomy":"product_cat","embeddable":true,"href":"https:\/\/kervanmagazacilik.com\/index.php\/wp-json\/wp\/v2\/product_cat?post=2772"},{"taxonomy":"product_tag","embeddable":true,"href":"https:\/\/kervanmagazacilik.com\/index.php\/wp-json\/wp\/v2\/product_tag?post=2772"}],"curies":[{"name":"wp","href":"https:\/\/api.w.org\/{rel}","templated":true}]}}