{"id":27716,"date":"2025-06-26T13:51:19","date_gmt":"2025-06-26T10:51:19","guid":{"rendered":"https:\/\/kervanmagazacilik.com\/?post_type=product&#038;p=27716"},"modified":"2025-06-26T13:51:19","modified_gmt":"2025-06-26T10:51:19","slug":"611artf00502","status":"publish","type":"product","link":"https:\/\/kervanmagazacilik.com\/index.php\/urun\/611artf00502\/","title":{"rendered":"611ARTF00502"},"content":{"rendered":"<p>611ARTF00502<\/p>\n<p>COVE \u015e\u0130FONYER GR\u0130 9 \u00c7EKMECEL\u0130 48x178x97cm 349130-2743<\/p>\n","protected":false},"excerpt":{"rendered":"<p>611ARTF00502 COVE \u015e\u0130FONYER GR\u0130 9 \u00c7EKMECEL\u0130 48x178x97cm 349130-2743<\/p>\n","protected":false},"featured_media":27718,"template":"","meta":[],"product_brand":[],"product_cat":[41],"product_tag":[6052],"class_list":{"0":"post-27716","1":"product","2":"type-product","3":"status-publish","4":"has-post-thumbnail","6":"product_cat-611artf","7":"product_tag-611artf00502","9":"first","10":"instock","11":"taxable","12":"shipping-taxable","13":"product-type-simple"},"_links":{"self":[{"href":"https:\/\/kervanmagazacilik.com\/index.php\/wp-json\/wp\/v2\/product\/27716","targetHints":{"allow":["GET"]}}],"collection":[{"href":"https:\/\/kervanmagazacilik.com\/index.php\/wp-json\/wp\/v2\/product"}],"about":[{"href":"https:\/\/kervanmagazacilik.com\/index.php\/wp-json\/wp\/v2\/types\/product"}],"wp:featuredmedia":[{"embeddable":true,"href":"https:\/\/kervanmagazacilik.com\/index.php\/wp-json\/wp\/v2\/media\/27718"}],"wp:attachment":[{"href":"https:\/\/kervanmagazacilik.com\/index.php\/wp-json\/wp\/v2\/media?parent=27716"}],"wp:term":[{"taxonomy":"product_brand","embeddable":true,"href":"https:\/\/kervanmagazacilik.com\/index.php\/wp-json\/wp\/v2\/product_brand?post=27716"},{"taxonomy":"product_cat","embeddable":true,"href":"https:\/\/kervanmagazacilik.com\/index.php\/wp-json\/wp\/v2\/product_cat?post=27716"},{"taxonomy":"product_tag","embeddable":true,"href":"https:\/\/kervanmagazacilik.com\/index.php\/wp-json\/wp\/v2\/product_tag?post=27716"}],"curies":[{"name":"wp","href":"https:\/\/api.w.org\/{rel}","templated":true}]}}