{"id":27715,"date":"2025-06-26T13:50:36","date_gmt":"2025-06-26T10:50:36","guid":{"rendered":"https:\/\/kervanmagazacilik.com\/?post_type=product&#038;p=27715"},"modified":"2025-06-26T13:50:36","modified_gmt":"2025-06-26T10:50:36","slug":"611artf00501","status":"publish","type":"product","link":"https:\/\/kervanmagazacilik.com\/index.php\/urun\/611artf00501\/","title":{"rendered":"611ARTF00501"},"content":{"rendered":"<p>611ARTF00501<\/p>\n<p>COVE KOMOD\u0130N GR\u0130 3 \u00c7EKMECEL\u0130 48x71x71cm 349141-2743<\/p>\n<p>&nbsp;<\/p>\n","protected":false},"excerpt":{"rendered":"<p>611ARTF00501 COVE KOMOD\u0130N GR\u0130 3 \u00c7EKMECEL\u0130 48x71x71cm 349141-2743 &nbsp;<\/p>\n","protected":false},"featured_media":27717,"template":"","meta":[],"product_brand":[],"product_cat":[41],"product_tag":[6051],"class_list":{"0":"post-27715","1":"product","2":"type-product","3":"status-publish","4":"has-post-thumbnail","6":"product_cat-611artf","7":"product_tag-611artf00501","9":"first","10":"instock","11":"taxable","12":"shipping-taxable","13":"product-type-simple"},"_links":{"self":[{"href":"https:\/\/kervanmagazacilik.com\/index.php\/wp-json\/wp\/v2\/product\/27715","targetHints":{"allow":["GET"]}}],"collection":[{"href":"https:\/\/kervanmagazacilik.com\/index.php\/wp-json\/wp\/v2\/product"}],"about":[{"href":"https:\/\/kervanmagazacilik.com\/index.php\/wp-json\/wp\/v2\/types\/product"}],"wp:featuredmedia":[{"embeddable":true,"href":"https:\/\/kervanmagazacilik.com\/index.php\/wp-json\/wp\/v2\/media\/27717"}],"wp:attachment":[{"href":"https:\/\/kervanmagazacilik.com\/index.php\/wp-json\/wp\/v2\/media?parent=27715"}],"wp:term":[{"taxonomy":"product_brand","embeddable":true,"href":"https:\/\/kervanmagazacilik.com\/index.php\/wp-json\/wp\/v2\/product_brand?post=27715"},{"taxonomy":"product_cat","embeddable":true,"href":"https:\/\/kervanmagazacilik.com\/index.php\/wp-json\/wp\/v2\/product_cat?post=27715"},{"taxonomy":"product_tag","embeddable":true,"href":"https:\/\/kervanmagazacilik.com\/index.php\/wp-json\/wp\/v2\/product_tag?post=27715"}],"curies":[{"name":"wp","href":"https:\/\/api.w.org\/{rel}","templated":true}]}}