{"id":27671,"date":"2025-06-26T13:20:43","date_gmt":"2025-06-26T10:20:43","guid":{"rendered":"https:\/\/kervanmagazacilik.com\/?post_type=product&#038;p=27671"},"modified":"2025-06-26T13:20:46","modified_gmt":"2025-06-26T10:20:46","slug":"759hyn500027","status":"publish","type":"product","link":"https:\/\/kervanmagazacilik.com\/index.php\/urun\/759hyn500027\/","title":{"rendered":"759HYN500027"},"content":{"rendered":"<p>759HYN500027<\/p>\n<p>LED I\u015eIKLI FENER FXA10754 MOR 13*13*17.5 CM<\/p>\n<p>\u00c7in de \u00fcretilmi\u015ftir.<\/p>\n<p>\u00dcr\u00fcn materyali Cam&amp;Metal<\/p>\n<p>Tozunu kuru bez ile almaya uygundur<\/p>\n","protected":false},"excerpt":{"rendered":"<p>759HYN500027 LED I\u015eIKLI FENER FXA10754 MOR 13*13*17.5 CM \u00c7in de \u00fcretilmi\u015ftir. \u00dcr\u00fcn materyali Cam&amp;Metal Tozunu kuru bez ile almaya uygundur<\/p>\n","protected":false},"featured_media":27673,"template":"","meta":[],"product_brand":[],"product_cat":[228],"product_tag":[6041],"class_list":{"0":"post-27671","1":"product","2":"type-product","3":"status-publish","4":"has-post-thumbnail","6":"product_cat-759hyn","7":"product_tag-759hyn500027","9":"first","10":"instock","11":"taxable","12":"shipping-taxable","13":"product-type-simple"},"_links":{"self":[{"href":"https:\/\/kervanmagazacilik.com\/index.php\/wp-json\/wp\/v2\/product\/27671","targetHints":{"allow":["GET"]}}],"collection":[{"href":"https:\/\/kervanmagazacilik.com\/index.php\/wp-json\/wp\/v2\/product"}],"about":[{"href":"https:\/\/kervanmagazacilik.com\/index.php\/wp-json\/wp\/v2\/types\/product"}],"wp:featuredmedia":[{"embeddable":true,"href":"https:\/\/kervanmagazacilik.com\/index.php\/wp-json\/wp\/v2\/media\/27673"}],"wp:attachment":[{"href":"https:\/\/kervanmagazacilik.com\/index.php\/wp-json\/wp\/v2\/media?parent=27671"}],"wp:term":[{"taxonomy":"product_brand","embeddable":true,"href":"https:\/\/kervanmagazacilik.com\/index.php\/wp-json\/wp\/v2\/product_brand?post=27671"},{"taxonomy":"product_cat","embeddable":true,"href":"https:\/\/kervanmagazacilik.com\/index.php\/wp-json\/wp\/v2\/product_cat?post=27671"},{"taxonomy":"product_tag","embeddable":true,"href":"https:\/\/kervanmagazacilik.com\/index.php\/wp-json\/wp\/v2\/product_tag?post=27671"}],"curies":[{"name":"wp","href":"https:\/\/api.w.org\/{rel}","templated":true}]}}