{"id":27617,"date":"2025-06-26T11:42:31","date_gmt":"2025-06-26T08:42:31","guid":{"rendered":"https:\/\/kervanmagazacilik.com\/?post_type=product&#038;p=27617"},"modified":"2025-06-26T11:42:35","modified_gmt":"2025-06-26T08:42:35","slug":"611artf00092","status":"publish","type":"product","link":"https:\/\/kervanmagazacilik.com\/index.php\/urun\/611artf00092\/","title":{"rendered":"611ARTF00092"},"content":{"rendered":"<p>611ARTF00092<\/p>\n<p>217251-2615 CO REGENTS KONSOL KOYU KAHVE 53x224x105cm<\/p>\n<p>A\u00e7yklama9 : AMER\u0130KAN MARKASI, \u00c7\u0130N MEN\u015eE\u0130L\u0130D\u0130R<\/p>\n","protected":false},"excerpt":{"rendered":"<p>611ARTF00092 217251-2615 CO REGENTS KONSOL KOYU KAHVE 53x224x105cm A\u00e7yklama9 : AMER\u0130KAN MARKASI, \u00c7\u0130N MEN\u015eE\u0130L\u0130D\u0130R<\/p>\n","protected":false},"featured_media":27619,"template":"","meta":[],"product_brand":[],"product_cat":[41],"product_tag":[6028],"class_list":{"0":"post-27617","1":"product","2":"type-product","3":"status-publish","4":"has-post-thumbnail","6":"product_cat-611artf","7":"product_tag-611artf00092","9":"first","10":"instock","11":"taxable","12":"shipping-taxable","13":"product-type-simple"},"_links":{"self":[{"href":"https:\/\/kervanmagazacilik.com\/index.php\/wp-json\/wp\/v2\/product\/27617","targetHints":{"allow":["GET"]}}],"collection":[{"href":"https:\/\/kervanmagazacilik.com\/index.php\/wp-json\/wp\/v2\/product"}],"about":[{"href":"https:\/\/kervanmagazacilik.com\/index.php\/wp-json\/wp\/v2\/types\/product"}],"wp:featuredmedia":[{"embeddable":true,"href":"https:\/\/kervanmagazacilik.com\/index.php\/wp-json\/wp\/v2\/media\/27619"}],"wp:attachment":[{"href":"https:\/\/kervanmagazacilik.com\/index.php\/wp-json\/wp\/v2\/media?parent=27617"}],"wp:term":[{"taxonomy":"product_brand","embeddable":true,"href":"https:\/\/kervanmagazacilik.com\/index.php\/wp-json\/wp\/v2\/product_brand?post=27617"},{"taxonomy":"product_cat","embeddable":true,"href":"https:\/\/kervanmagazacilik.com\/index.php\/wp-json\/wp\/v2\/product_cat?post=27617"},{"taxonomy":"product_tag","embeddable":true,"href":"https:\/\/kervanmagazacilik.com\/index.php\/wp-json\/wp\/v2\/product_tag?post=27617"}],"curies":[{"name":"wp","href":"https:\/\/api.w.org\/{rel}","templated":true}]}}