{"id":27596,"date":"2025-06-26T11:35:10","date_gmt":"2025-06-26T08:35:10","guid":{"rendered":"https:\/\/kervanmagazacilik.com\/?post_type=product&#038;p=27596"},"modified":"2025-06-26T11:35:11","modified_gmt":"2025-06-26T08:35:11","slug":"241max000003","status":"publish","type":"product","link":"https:\/\/kervanmagazacilik.com\/index.php\/urun\/241max000003\/","title":{"rendered":"241MAX000003"},"content":{"rendered":"<p>241MAX000003<\/p>\n<p>MAGNOL\u0130A MASA \u00d6RT\u00dcS\u00dc 140X140 CM<\/p>\n<p>Kuma\u015f; %100 Polyester<br \/>\n30 derecede hassas\/narin programda y\u0131kanmal\u0131d\u0131r \u00c7ama\u015f\u0131r suyu konamaz<br \/>\nKurutma makinesinde kurutulamaz<br \/>\nD\u00fc\u015f\u00fck \u0131s\u0131da \u00fct\u00fclenmelidir<\/p>\n","protected":false},"excerpt":{"rendered":"<p>241MAX000003 MAGNOL\u0130A MASA \u00d6RT\u00dcS\u00dc 140X140 CM Kuma\u015f; %100 Polyester 30 derecede hassas\/narin programda y\u0131kanmal\u0131d\u0131r \u00c7ama\u015f\u0131r suyu konamaz Kurutma makinesinde kurutulamaz D\u00fc\u015f\u00fck \u0131s\u0131da \u00fct\u00fclenmelidir<\/p>\n","protected":false},"featured_media":27598,"template":"","meta":[],"product_brand":[],"product_cat":[6006],"product_tag":[6024],"class_list":{"0":"post-27596","1":"product","2":"type-product","3":"status-publish","4":"has-post-thumbnail","6":"product_cat-241max","7":"product_tag-241max000003","9":"first","10":"instock","11":"taxable","12":"shipping-taxable","13":"product-type-simple"},"_links":{"self":[{"href":"https:\/\/kervanmagazacilik.com\/index.php\/wp-json\/wp\/v2\/product\/27596","targetHints":{"allow":["GET"]}}],"collection":[{"href":"https:\/\/kervanmagazacilik.com\/index.php\/wp-json\/wp\/v2\/product"}],"about":[{"href":"https:\/\/kervanmagazacilik.com\/index.php\/wp-json\/wp\/v2\/types\/product"}],"wp:featuredmedia":[{"embeddable":true,"href":"https:\/\/kervanmagazacilik.com\/index.php\/wp-json\/wp\/v2\/media\/27598"}],"wp:attachment":[{"href":"https:\/\/kervanmagazacilik.com\/index.php\/wp-json\/wp\/v2\/media?parent=27596"}],"wp:term":[{"taxonomy":"product_brand","embeddable":true,"href":"https:\/\/kervanmagazacilik.com\/index.php\/wp-json\/wp\/v2\/product_brand?post=27596"},{"taxonomy":"product_cat","embeddable":true,"href":"https:\/\/kervanmagazacilik.com\/index.php\/wp-json\/wp\/v2\/product_cat?post=27596"},{"taxonomy":"product_tag","embeddable":true,"href":"https:\/\/kervanmagazacilik.com\/index.php\/wp-json\/wp\/v2\/product_tag?post=27596"}],"curies":[{"name":"wp","href":"https:\/\/api.w.org\/{rel}","templated":true}]}}