{"id":27586,"date":"2025-06-26T11:30:47","date_gmt":"2025-06-26T08:30:47","guid":{"rendered":"https:\/\/kervanmagazacilik.com\/?post_type=product&#038;p=27586"},"modified":"2025-06-26T11:30:47","modified_gmt":"2025-06-26T08:30:47","slug":"10005mir0016","status":"publish","type":"product","link":"https:\/\/kervanmagazacilik.com\/index.php\/urun\/10005mir0016\/","title":{"rendered":"10005MIR0016"},"content":{"rendered":"<p>10005MIR0016<\/p>\n<p>GRANGE-1983A \u015eAL SETL\u0130 NEVRES\u0130M TAKIMI TA\u015e 8PR\u00c7. \u00c7.K. (200*220 cm)<\/p>\n","protected":false},"excerpt":{"rendered":"<p>10005MIR0016 GRANGE-1983A \u015eAL SETL\u0130 NEVRES\u0130M TAKIMI TA\u015e 8PR\u00c7. \u00c7.K. (200*220 cm)<\/p>\n","protected":false},"featured_media":27588,"template":"","meta":[],"product_brand":[],"product_cat":[5785],"product_tag":[6023],"class_list":{"0":"post-27586","1":"product","2":"type-product","3":"status-publish","4":"has-post-thumbnail","6":"product_cat-10005mir","7":"product_tag-10005mir0016","9":"first","10":"instock","11":"taxable","12":"shipping-taxable","13":"product-type-simple"},"_links":{"self":[{"href":"https:\/\/kervanmagazacilik.com\/index.php\/wp-json\/wp\/v2\/product\/27586","targetHints":{"allow":["GET"]}}],"collection":[{"href":"https:\/\/kervanmagazacilik.com\/index.php\/wp-json\/wp\/v2\/product"}],"about":[{"href":"https:\/\/kervanmagazacilik.com\/index.php\/wp-json\/wp\/v2\/types\/product"}],"wp:featuredmedia":[{"embeddable":true,"href":"https:\/\/kervanmagazacilik.com\/index.php\/wp-json\/wp\/v2\/media\/27588"}],"wp:attachment":[{"href":"https:\/\/kervanmagazacilik.com\/index.php\/wp-json\/wp\/v2\/media?parent=27586"}],"wp:term":[{"taxonomy":"product_brand","embeddable":true,"href":"https:\/\/kervanmagazacilik.com\/index.php\/wp-json\/wp\/v2\/product_brand?post=27586"},{"taxonomy":"product_cat","embeddable":true,"href":"https:\/\/kervanmagazacilik.com\/index.php\/wp-json\/wp\/v2\/product_cat?post=27586"},{"taxonomy":"product_tag","embeddable":true,"href":"https:\/\/kervanmagazacilik.com\/index.php\/wp-json\/wp\/v2\/product_tag?post=27586"}],"curies":[{"name":"wp","href":"https:\/\/api.w.org\/{rel}","templated":true}]}}