{"id":27569,"date":"2025-06-26T11:16:26","date_gmt":"2025-06-26T08:16:26","guid":{"rendered":"https:\/\/kervanmagazacilik.com\/?post_type=product&#038;p=27569"},"modified":"2025-06-26T11:16:26","modified_gmt":"2025-06-26T08:16:26","slug":"671krm000002","status":"publish","type":"product","link":"https:\/\/kervanmagazacilik.com\/index.php\/urun\/671krm000002\/","title":{"rendered":"671KRM000002"},"content":{"rendered":"<p>671KRM000002<\/p>\n<p>MAGNOLIA 24 PR\u00c7. YEMEK TAKIMI<\/p>\n<p>24 Par\u00e7a Yemek Tak\u0131m\u0131 : 6 adet servis taba\u011f\u0131 + 6 adet yemek taba\u011f\u0131 + 6 adet \u00e7orba kasesi + 6 adet pasta taba\u011f\u0131ndan olu\u015fmaktad\u0131r.<br \/>\nDesenler, digital bask\u0131 ile edinilmi\u015ftir.<br \/>\nMalzeme: Seramik<br \/>\nMikrodalga f\u0131r\u0131nda kullan\u0131ma uygundur. Ev tipi bula\u015f\u0131k makinesinde y\u0131kanabilir. Sanayi tipi bula\u015f\u0131k makinesinde y\u0131kamaya uygun de\u011fildir. 6 adet servis taba\u011f\u0131 32 cm<br \/>\n6 adet yemek taba\u011f\u0131 22 cm<br \/>\n6 adet pasta taba\u011f\u0131 23 cm<br \/>\n6 adet kase 18 cm<\/p>\n","protected":false},"excerpt":{"rendered":"<p>671KRM000002 MAGNOLIA 24 PR\u00c7. YEMEK TAKIMI 24 Par\u00e7a Yemek Tak\u0131m\u0131 : 6 adet servis taba\u011f\u0131 + 6 adet yemek taba\u011f\u0131 + 6 adet \u00e7orba kasesi + 6 adet pasta taba\u011f\u0131ndan olu\u015fmaktad\u0131r. Desenler, digital bask\u0131 ile edinilmi\u015ftir. Malzeme: Seramik Mikrodalga f\u0131r\u0131nda kullan\u0131ma uygundur. Ev tipi bula\u015f\u0131k makinesinde y\u0131kanabilir. Sanayi tipi bula\u015f\u0131k makinesinde y\u0131kamaya uygun de\u011fildir. 6 [&hellip;]<\/p>\n","protected":false},"featured_media":27571,"template":"","meta":[],"product_brand":[],"product_cat":[6016],"product_tag":[6017],"class_list":{"0":"post-27569","1":"product","2":"type-product","3":"status-publish","4":"has-post-thumbnail","6":"product_cat-671krm","7":"product_tag-671krm000002","9":"first","10":"instock","11":"taxable","12":"shipping-taxable","13":"product-type-simple"},"_links":{"self":[{"href":"https:\/\/kervanmagazacilik.com\/index.php\/wp-json\/wp\/v2\/product\/27569","targetHints":{"allow":["GET"]}}],"collection":[{"href":"https:\/\/kervanmagazacilik.com\/index.php\/wp-json\/wp\/v2\/product"}],"about":[{"href":"https:\/\/kervanmagazacilik.com\/index.php\/wp-json\/wp\/v2\/types\/product"}],"wp:featuredmedia":[{"embeddable":true,"href":"https:\/\/kervanmagazacilik.com\/index.php\/wp-json\/wp\/v2\/media\/27571"}],"wp:attachment":[{"href":"https:\/\/kervanmagazacilik.com\/index.php\/wp-json\/wp\/v2\/media?parent=27569"}],"wp:term":[{"taxonomy":"product_brand","embeddable":true,"href":"https:\/\/kervanmagazacilik.com\/index.php\/wp-json\/wp\/v2\/product_brand?post=27569"},{"taxonomy":"product_cat","embeddable":true,"href":"https:\/\/kervanmagazacilik.com\/index.php\/wp-json\/wp\/v2\/product_cat?post=27569"},{"taxonomy":"product_tag","embeddable":true,"href":"https:\/\/kervanmagazacilik.com\/index.php\/wp-json\/wp\/v2\/product_tag?post=27569"}],"curies":[{"name":"wp","href":"https:\/\/api.w.org\/{rel}","templated":true}]}}