{"id":27544,"date":"2025-06-26T10:20:29","date_gmt":"2025-06-26T07:20:29","guid":{"rendered":"https:\/\/kervanmagazacilik.com\/?post_type=product&#038;p=27544"},"modified":"2025-06-26T10:20:29","modified_gmt":"2025-06-26T07:20:29","slug":"241max000011","status":"publish","type":"product","link":"https:\/\/kervanmagazacilik.com\/index.php\/urun\/241max000011\/","title":{"rendered":"241MAX000011"},"content":{"rendered":"<p>241MAX000011<\/p>\n<p>ROSENNA SUPLA 34X34 CM<\/p>\n<p>Kuma\u015f: %100 polyester Kuma\u015f\u0131n alt y\u00fczeyi ke\u00e7e laminelidir, lazer kesimdir.<br \/>\nSadece kuru temizleme yap\u0131lmal\u0131d\u0131r<\/p>\n","protected":false},"excerpt":{"rendered":"<p>241MAX000011 ROSENNA SUPLA 34X34 CM Kuma\u015f: %100 polyester Kuma\u015f\u0131n alt y\u00fczeyi ke\u00e7e laminelidir, lazer kesimdir. Sadece kuru temizleme yap\u0131lmal\u0131d\u0131r<\/p>\n","protected":false},"featured_media":27545,"template":"","meta":[],"product_brand":[],"product_cat":[6006],"product_tag":[6009],"class_list":{"0":"post-27544","1":"product","2":"type-product","3":"status-publish","4":"has-post-thumbnail","6":"product_cat-241max","7":"product_tag-241max000011","9":"first","10":"instock","11":"taxable","12":"shipping-taxable","13":"product-type-simple"},"_links":{"self":[{"href":"https:\/\/kervanmagazacilik.com\/index.php\/wp-json\/wp\/v2\/product\/27544","targetHints":{"allow":["GET"]}}],"collection":[{"href":"https:\/\/kervanmagazacilik.com\/index.php\/wp-json\/wp\/v2\/product"}],"about":[{"href":"https:\/\/kervanmagazacilik.com\/index.php\/wp-json\/wp\/v2\/types\/product"}],"wp:featuredmedia":[{"embeddable":true,"href":"https:\/\/kervanmagazacilik.com\/index.php\/wp-json\/wp\/v2\/media\/27545"}],"wp:attachment":[{"href":"https:\/\/kervanmagazacilik.com\/index.php\/wp-json\/wp\/v2\/media?parent=27544"}],"wp:term":[{"taxonomy":"product_brand","embeddable":true,"href":"https:\/\/kervanmagazacilik.com\/index.php\/wp-json\/wp\/v2\/product_brand?post=27544"},{"taxonomy":"product_cat","embeddable":true,"href":"https:\/\/kervanmagazacilik.com\/index.php\/wp-json\/wp\/v2\/product_cat?post=27544"},{"taxonomy":"product_tag","embeddable":true,"href":"https:\/\/kervanmagazacilik.com\/index.php\/wp-json\/wp\/v2\/product_tag?post=27544"}],"curies":[{"name":"wp","href":"https:\/\/api.w.org\/{rel}","templated":true}]}}