{"id":27529,"date":"2025-06-26T10:11:07","date_gmt":"2025-06-26T07:11:07","guid":{"rendered":"https:\/\/kervanmagazacilik.com\/?post_type=product&#038;p=27529"},"modified":"2025-06-26T10:11:08","modified_gmt":"2025-06-26T07:11:08","slug":"prj100000813","status":"publish","type":"product","link":"https:\/\/kervanmagazacilik.com\/index.php\/urun\/prj100000813\/","title":{"rendered":"PRJ100000813"},"content":{"rendered":"<p>PRJ100000813<\/p>\n<p>CR\u0130S \u00dc\u00c7L\u00dc KOLTUK<\/p>\n","protected":false},"excerpt":{"rendered":"<p>PRJ100000813 CR\u0130S \u00dc\u00c7L\u00dc KOLTUK<\/p>\n","protected":false},"featured_media":27530,"template":"","meta":[],"product_brand":[],"product_cat":[6001],"product_tag":[6005],"class_list":{"0":"post-27529","1":"product","2":"type-product","3":"status-publish","4":"has-post-thumbnail","6":"product_cat-prj1","7":"product_tag-prj100000813","9":"first","10":"instock","11":"taxable","12":"shipping-taxable","13":"product-type-simple"},"_links":{"self":[{"href":"https:\/\/kervanmagazacilik.com\/index.php\/wp-json\/wp\/v2\/product\/27529","targetHints":{"allow":["GET"]}}],"collection":[{"href":"https:\/\/kervanmagazacilik.com\/index.php\/wp-json\/wp\/v2\/product"}],"about":[{"href":"https:\/\/kervanmagazacilik.com\/index.php\/wp-json\/wp\/v2\/types\/product"}],"wp:featuredmedia":[{"embeddable":true,"href":"https:\/\/kervanmagazacilik.com\/index.php\/wp-json\/wp\/v2\/media\/27530"}],"wp:attachment":[{"href":"https:\/\/kervanmagazacilik.com\/index.php\/wp-json\/wp\/v2\/media?parent=27529"}],"wp:term":[{"taxonomy":"product_brand","embeddable":true,"href":"https:\/\/kervanmagazacilik.com\/index.php\/wp-json\/wp\/v2\/product_brand?post=27529"},{"taxonomy":"product_cat","embeddable":true,"href":"https:\/\/kervanmagazacilik.com\/index.php\/wp-json\/wp\/v2\/product_cat?post=27529"},{"taxonomy":"product_tag","embeddable":true,"href":"https:\/\/kervanmagazacilik.com\/index.php\/wp-json\/wp\/v2\/product_tag?post=27529"}],"curies":[{"name":"wp","href":"https:\/\/api.w.org\/{rel}","templated":true}]}}