{"id":2751,"date":"2024-08-27T15:25:28","date_gmt":"2024-08-27T12:25:28","guid":{"rendered":"https:\/\/kervanmagazacilik.com\/?post_type=product&#038;p=2751"},"modified":"2024-08-27T15:25:28","modified_gmt":"2024-08-27T12:25:28","slug":"611ygp000002","status":"publish","type":"product","link":"https:\/\/kervanmagazacilik.com\/index.php\/urun\/611ygp000002\/","title":{"rendered":"611YGP000002"},"content":{"rendered":"<p>611YGP000002<\/p>\n<p>TERMOSSOS KOLTUK TAKIMI 2+1+1+MASA ( \u0130REKO)<\/p>\n<p>\u0130K\u0130L\u0130 KOLTUK: 86x150x74cm<\/p>\n<p>TEKL\u0130 KOLTUK:86x90x75cm<\/p>\n<p>SEHPA:70x110x46cm<\/p>\n<p>S\u00dcNGER : 28 danse i\u015fbir s\u00fcnger \u00fczeri 90 gram elyaf sarg\u0131<br \/>\nM\u0130NDER \u0130\u00c7LER\u0130 : 1.S\u0131n\u0131f boncuk silikon<br \/>\nKUMA\u015e : %100 \u00f6rme iplikten olefin Kuma\u015f<br \/>\n2 y\u0131l solmazl\u0131k garantili , Su ge\u00e7irmezlik \u00f6zelli\u011fi mevcut<br \/>\nFERMUAR : Santeks Fermuar ve Ba\u015fl\u0131klar\u0131.<\/p>\n<p>\u0130roko a\u011fac\u0131 su, nem, g\u00fcne\u015f gibi do\u011fa ko\u015fullar\u0131na dayan\u0131kl\u0131 olan d\u0131\u015f mekan mobilyalar\u0131na en uygun \u00f6zelli\u011fe sahiptir. \u0130\u015flendikten sonra sar\u0131ms\u0131 bir renkte olan \u0130roko oksijen ile temasa ge\u00e7ti\u011finde 1 ay i\u00e7erisinde kahverengi bir renge b\u00fcr\u00fcnebilir. \u0130roko a\u011fac\u0131 uzun \u00f6m\u00fcrl\u00fc yap\u0131s\u0131yla do\u011fal \u00e7\u00fcr\u00fcmeye, b\u00f6cek ve hastal\u0131klara kar\u015f\u0131 y\u00fcksek diren\u00e7 g\u00f6sterir.<br \/>\nbulundu\u011fu ortam ve iklime g\u00f6re 1 ila 3 y\u0131ll\u0131k periotlar halinde teak ya\u011f\u0131 ile ya\u011flama yap\u0131larak bak\u0131m\u0131 yap\u0131ld\u0131\u011f\u0131 takdirde ilk g\u00fcnk\u00fc g\u00f6r\u00fcn\u00fcm\u00fcn\u00fc korumaktad\u0131r.<\/p>\n","protected":false},"excerpt":{"rendered":"<p>611YGP000002 TERMOSSOS KOLTUK TAKIMI 2+1+1+MASA ( \u0130REKO) \u0130K\u0130L\u0130 KOLTUK: 86x150x74cm TEKL\u0130 KOLTUK:86x90x75cm SEHPA:70x110x46cm S\u00dcNGER : 28 danse i\u015fbir s\u00fcnger \u00fczeri 90 gram elyaf sarg\u0131 M\u0130NDER \u0130\u00c7LER\u0130 : 1.S\u0131n\u0131f boncuk silikon KUMA\u015e : %100 \u00f6rme iplikten olefin Kuma\u015f 2 y\u0131l solmazl\u0131k garantili , Su ge\u00e7irmezlik \u00f6zelli\u011fi mevcut FERMUAR : Santeks Fermuar ve Ba\u015fl\u0131klar\u0131. \u0130roko a\u011fac\u0131 su, [&hellip;]<\/p>\n","protected":false},"featured_media":2755,"template":"","meta":[],"product_brand":[],"product_cat":[109],"product_tag":[772],"class_list":{"0":"post-2751","1":"product","2":"type-product","3":"status-publish","4":"has-post-thumbnail","6":"product_cat-611ygp","7":"product_tag-611ygp000002","9":"first","10":"instock","11":"taxable","12":"shipping-taxable","13":"product-type-simple"},"_links":{"self":[{"href":"https:\/\/kervanmagazacilik.com\/index.php\/wp-json\/wp\/v2\/product\/2751","targetHints":{"allow":["GET"]}}],"collection":[{"href":"https:\/\/kervanmagazacilik.com\/index.php\/wp-json\/wp\/v2\/product"}],"about":[{"href":"https:\/\/kervanmagazacilik.com\/index.php\/wp-json\/wp\/v2\/types\/product"}],"wp:featuredmedia":[{"embeddable":true,"href":"https:\/\/kervanmagazacilik.com\/index.php\/wp-json\/wp\/v2\/media\/2755"}],"wp:attachment":[{"href":"https:\/\/kervanmagazacilik.com\/index.php\/wp-json\/wp\/v2\/media?parent=2751"}],"wp:term":[{"taxonomy":"product_brand","embeddable":true,"href":"https:\/\/kervanmagazacilik.com\/index.php\/wp-json\/wp\/v2\/product_brand?post=2751"},{"taxonomy":"product_cat","embeddable":true,"href":"https:\/\/kervanmagazacilik.com\/index.php\/wp-json\/wp\/v2\/product_cat?post=2751"},{"taxonomy":"product_tag","embeddable":true,"href":"https:\/\/kervanmagazacilik.com\/index.php\/wp-json\/wp\/v2\/product_tag?post=2751"}],"curies":[{"name":"wp","href":"https:\/\/api.w.org\/{rel}","templated":true}]}}