{"id":27507,"date":"2025-06-26T09:55:11","date_gmt":"2025-06-26T06:55:11","guid":{"rendered":"https:\/\/kervanmagazacilik.com\/?post_type=product&#038;p=27507"},"modified":"2025-06-26T09:55:12","modified_gmt":"2025-06-26T06:55:12","slug":"759krm000002","status":"publish","type":"product","link":"https:\/\/kervanmagazacilik.com\/index.php\/urun\/759krm000002\/","title":{"rendered":"759KRM000002"},"content":{"rendered":"<p>759KRM000002<\/p>\n<p>LEAFY 6&#8217;LI NESCAFE F\u0130NCAN TAKIMI 215 CC (6 F\u0130NCAN+6 TABAK)<\/p>\n<p>Malzeme: Seramik Desenler, digital bask\u0131 ile edinilmi\u015ftir. Ev tipi bula\u015f\u0131k makinesinde y\u0131kanabilir. Sanayi tipi bula\u015f\u0131k makinesinde y\u0131kamaya uygun de\u011fildir. \u0130\u00e7erik; 6 adet nescafe fincan\u0131<br \/>\n6 adet fincan taba\u011f\u0131<\/p>\n","protected":false},"excerpt":{"rendered":"<p>759KRM000002 LEAFY 6&#8217;LI NESCAFE F\u0130NCAN TAKIMI 215 CC (6 F\u0130NCAN+6 TABAK) Malzeme: Seramik Desenler, digital bask\u0131 ile edinilmi\u015ftir. Ev tipi bula\u015f\u0131k makinesinde y\u0131kanabilir. Sanayi tipi bula\u015f\u0131k makinesinde y\u0131kamaya uygun de\u011fildir. \u0130\u00e7erik; 6 adet nescafe fincan\u0131 6 adet fincan taba\u011f\u0131<\/p>\n","protected":false},"featured_media":27509,"template":"","meta":[],"product_brand":[],"product_cat":[5997],"product_tag":[5999],"class_list":{"0":"post-27507","1":"product","2":"type-product","3":"status-publish","4":"has-post-thumbnail","6":"product_cat-759krm","7":"product_tag-759krm000002","9":"first","10":"instock","11":"taxable","12":"shipping-taxable","13":"product-type-simple"},"_links":{"self":[{"href":"https:\/\/kervanmagazacilik.com\/index.php\/wp-json\/wp\/v2\/product\/27507","targetHints":{"allow":["GET"]}}],"collection":[{"href":"https:\/\/kervanmagazacilik.com\/index.php\/wp-json\/wp\/v2\/product"}],"about":[{"href":"https:\/\/kervanmagazacilik.com\/index.php\/wp-json\/wp\/v2\/types\/product"}],"wp:featuredmedia":[{"embeddable":true,"href":"https:\/\/kervanmagazacilik.com\/index.php\/wp-json\/wp\/v2\/media\/27509"}],"wp:attachment":[{"href":"https:\/\/kervanmagazacilik.com\/index.php\/wp-json\/wp\/v2\/media?parent=27507"}],"wp:term":[{"taxonomy":"product_brand","embeddable":true,"href":"https:\/\/kervanmagazacilik.com\/index.php\/wp-json\/wp\/v2\/product_brand?post=27507"},{"taxonomy":"product_cat","embeddable":true,"href":"https:\/\/kervanmagazacilik.com\/index.php\/wp-json\/wp\/v2\/product_cat?post=27507"},{"taxonomy":"product_tag","embeddable":true,"href":"https:\/\/kervanmagazacilik.com\/index.php\/wp-json\/wp\/v2\/product_tag?post=27507"}],"curies":[{"name":"wp","href":"https:\/\/api.w.org\/{rel}","templated":true}]}}