{"id":27496,"date":"2025-06-26T09:51:10","date_gmt":"2025-06-26T06:51:10","guid":{"rendered":"https:\/\/kervanmagazacilik.com\/?post_type=product&#038;p=27496"},"modified":"2025-06-26T09:51:11","modified_gmt":"2025-06-26T06:51:11","slug":"759krm000001","status":"publish","type":"product","link":"https:\/\/kervanmagazacilik.com\/index.php\/urun\/759krm000001\/","title":{"rendered":"759KRM000001"},"content":{"rendered":"<p>759KRM000001<\/p>\n<p>LEAFY 6&#8217;LI \u00c7AY BARDA\u011eI TAKIMI (6 BARDAK+6 TABAK)<\/p>\n<p>Malzeme: Cam + Seramik Desenler, digital bask\u0131 ile edinilmi\u015ftir. Ev tipi bula\u015f\u0131k makinesinde y\u0131kanabilir. Sanayi tipi bula\u015f\u0131k makinesinde y\u0131kamaya uygun de\u011fildir. \u0130\u00e7erik; 6 adet \u00e7ay barda\u011f\u0131 (cam)<br \/>\n6 adet \u00e7ay taba\u011f\u0131 (seramik)<\/p>\n","protected":false},"excerpt":{"rendered":"<p>759KRM000001 LEAFY 6&#8217;LI \u00c7AY BARDA\u011eI TAKIMI (6 BARDAK+6 TABAK) Malzeme: Cam + Seramik Desenler, digital bask\u0131 ile edinilmi\u015ftir. Ev tipi bula\u015f\u0131k makinesinde y\u0131kanabilir. Sanayi tipi bula\u015f\u0131k makinesinde y\u0131kamaya uygun de\u011fildir. \u0130\u00e7erik; 6 adet \u00e7ay barda\u011f\u0131 (cam) 6 adet \u00e7ay taba\u011f\u0131 (seramik)<\/p>\n","protected":false},"featured_media":27504,"template":"","meta":[],"product_brand":[],"product_cat":[5997],"product_tag":[5998],"class_list":{"0":"post-27496","1":"product","2":"type-product","3":"status-publish","4":"has-post-thumbnail","6":"product_cat-759krm","7":"product_tag-759krm000001","9":"first","10":"instock","11":"taxable","12":"shipping-taxable","13":"product-type-simple"},"_links":{"self":[{"href":"https:\/\/kervanmagazacilik.com\/index.php\/wp-json\/wp\/v2\/product\/27496","targetHints":{"allow":["GET"]}}],"collection":[{"href":"https:\/\/kervanmagazacilik.com\/index.php\/wp-json\/wp\/v2\/product"}],"about":[{"href":"https:\/\/kervanmagazacilik.com\/index.php\/wp-json\/wp\/v2\/types\/product"}],"wp:featuredmedia":[{"embeddable":true,"href":"https:\/\/kervanmagazacilik.com\/index.php\/wp-json\/wp\/v2\/media\/27504"}],"wp:attachment":[{"href":"https:\/\/kervanmagazacilik.com\/index.php\/wp-json\/wp\/v2\/media?parent=27496"}],"wp:term":[{"taxonomy":"product_brand","embeddable":true,"href":"https:\/\/kervanmagazacilik.com\/index.php\/wp-json\/wp\/v2\/product_brand?post=27496"},{"taxonomy":"product_cat","embeddable":true,"href":"https:\/\/kervanmagazacilik.com\/index.php\/wp-json\/wp\/v2\/product_cat?post=27496"},{"taxonomy":"product_tag","embeddable":true,"href":"https:\/\/kervanmagazacilik.com\/index.php\/wp-json\/wp\/v2\/product_tag?post=27496"}],"curies":[{"name":"wp","href":"https:\/\/api.w.org\/{rel}","templated":true}]}}