{"id":27493,"date":"2025-06-26T09:44:28","date_gmt":"2025-06-26T06:44:28","guid":{"rendered":"https:\/\/kervanmagazacilik.com\/?post_type=product&#038;p=27493"},"modified":"2025-06-26T09:44:29","modified_gmt":"2025-06-26T06:44:29","slug":"759jnh00001a","status":"publish","type":"product","link":"https:\/\/kervanmagazacilik.com\/index.php\/urun\/759jnh00001a\/","title":{"rendered":"759JNH00001A"},"content":{"rendered":"<p>759JNH00001A<\/p>\n<p>AYAKLI BARDAK 6&#8217;LI V\u0130ZON 350 ml (R-00817GTW\/BHA6-M)<\/p>\n<p>MALZEME: CAM<\/p>\n<p>Bula\u015f\u0131k makinesinde y\u0131kanmaz. Elde, yumu\u015fak bir s\u00fcnger ve \u0131l\u0131k su ile temizlenmelidir.<\/p>\n","protected":false},"excerpt":{"rendered":"<p>759JNH00001A AYAKLI BARDAK 6&#8217;LI V\u0130ZON 350 ml (R-00817GTW\/BHA6-M) MALZEME: CAM Bula\u015f\u0131k makinesinde y\u0131kanmaz. Elde, yumu\u015fak bir s\u00fcnger ve \u0131l\u0131k su ile temizlenmelidir.<\/p>\n","protected":false},"featured_media":27498,"template":"","meta":[],"product_brand":[],"product_cat":[5000],"product_tag":[5996],"class_list":{"0":"post-27493","1":"product","2":"type-product","3":"status-publish","4":"has-post-thumbnail","6":"product_cat-759jhn","7":"product_tag-759jnh00001a","9":"first","10":"instock","11":"taxable","12":"shipping-taxable","13":"product-type-simple"},"_links":{"self":[{"href":"https:\/\/kervanmagazacilik.com\/index.php\/wp-json\/wp\/v2\/product\/27493","targetHints":{"allow":["GET"]}}],"collection":[{"href":"https:\/\/kervanmagazacilik.com\/index.php\/wp-json\/wp\/v2\/product"}],"about":[{"href":"https:\/\/kervanmagazacilik.com\/index.php\/wp-json\/wp\/v2\/types\/product"}],"wp:featuredmedia":[{"embeddable":true,"href":"https:\/\/kervanmagazacilik.com\/index.php\/wp-json\/wp\/v2\/media\/27498"}],"wp:attachment":[{"href":"https:\/\/kervanmagazacilik.com\/index.php\/wp-json\/wp\/v2\/media?parent=27493"}],"wp:term":[{"taxonomy":"product_brand","embeddable":true,"href":"https:\/\/kervanmagazacilik.com\/index.php\/wp-json\/wp\/v2\/product_brand?post=27493"},{"taxonomy":"product_cat","embeddable":true,"href":"https:\/\/kervanmagazacilik.com\/index.php\/wp-json\/wp\/v2\/product_cat?post=27493"},{"taxonomy":"product_tag","embeddable":true,"href":"https:\/\/kervanmagazacilik.com\/index.php\/wp-json\/wp\/v2\/product_tag?post=27493"}],"curies":[{"name":"wp","href":"https:\/\/api.w.org\/{rel}","templated":true}]}}