{"id":27490,"date":"2025-06-26T09:41:38","date_gmt":"2025-06-26T06:41:38","guid":{"rendered":"https:\/\/kervanmagazacilik.com\/?post_type=product&#038;p=27490"},"modified":"2025-06-26T09:41:38","modified_gmt":"2025-06-26T06:41:38","slug":"759jnh00002a","status":"publish","type":"product","link":"https:\/\/kervanmagazacilik.com\/index.php\/urun\/759jnh00002a\/","title":{"rendered":"759JNH00002A"},"content":{"rendered":"<p>759JNH00002A<\/p>\n<p>SU BARDA\u011eI 6&#8217;LI V\u0130ZON 380 ml (04612GTW\/BHA6-M)<\/p>\n<p>&nbsp;<\/p>\n<p>MALZEME: CAM<\/p>\n<p>Bula\u015f\u0131k makinesinde y\u0131kanmaz. Elde, yumu\u015fak bir s\u00fcnger ve \u0131l\u0131k su ile temizlenmelidir.<\/p>\n","protected":false},"excerpt":{"rendered":"<p>759JNH00002A SU BARDA\u011eI 6&#8217;LI V\u0130ZON 380 ml (04612GTW\/BHA6-M) &nbsp; MALZEME: CAM Bula\u015f\u0131k makinesinde y\u0131kanmaz. Elde, yumu\u015fak bir s\u00fcnger ve \u0131l\u0131k su ile temizlenmelidir.<\/p>\n","protected":false},"featured_media":27492,"template":"","meta":[],"product_brand":[],"product_cat":[5000],"product_tag":[5995],"class_list":{"0":"post-27490","1":"product","2":"type-product","3":"status-publish","4":"has-post-thumbnail","6":"product_cat-759jhn","7":"product_tag-759jnh00002a","9":"first","10":"instock","11":"taxable","12":"shipping-taxable","13":"product-type-simple"},"_links":{"self":[{"href":"https:\/\/kervanmagazacilik.com\/index.php\/wp-json\/wp\/v2\/product\/27490","targetHints":{"allow":["GET"]}}],"collection":[{"href":"https:\/\/kervanmagazacilik.com\/index.php\/wp-json\/wp\/v2\/product"}],"about":[{"href":"https:\/\/kervanmagazacilik.com\/index.php\/wp-json\/wp\/v2\/types\/product"}],"wp:featuredmedia":[{"embeddable":true,"href":"https:\/\/kervanmagazacilik.com\/index.php\/wp-json\/wp\/v2\/media\/27492"}],"wp:attachment":[{"href":"https:\/\/kervanmagazacilik.com\/index.php\/wp-json\/wp\/v2\/media?parent=27490"}],"wp:term":[{"taxonomy":"product_brand","embeddable":true,"href":"https:\/\/kervanmagazacilik.com\/index.php\/wp-json\/wp\/v2\/product_brand?post=27490"},{"taxonomy":"product_cat","embeddable":true,"href":"https:\/\/kervanmagazacilik.com\/index.php\/wp-json\/wp\/v2\/product_cat?post=27490"},{"taxonomy":"product_tag","embeddable":true,"href":"https:\/\/kervanmagazacilik.com\/index.php\/wp-json\/wp\/v2\/product_tag?post=27490"}],"curies":[{"name":"wp","href":"https:\/\/api.w.org\/{rel}","templated":true}]}}