{"id":27477,"date":"2025-06-26T08:46:22","date_gmt":"2025-06-26T05:46:22","guid":{"rendered":"https:\/\/kervanmagazacilik.com\/?post_type=product&#038;p=27477"},"modified":"2025-06-26T08:48:16","modified_gmt":"2025-06-26T05:48:16","slug":"759dsg000045","status":"publish","type":"product","link":"https:\/\/kervanmagazacilik.com\/index.php\/urun\/759dsg000045\/","title":{"rendered":"759DSG000045"},"content":{"rendered":"<p>759DSG000045<\/p>\n<p>ANT\u0130K \u00c7\u0130N ASKER\u0130 HEYKEL\u0130 ANT\u0130K KAHVE 60x63x200cm<\/p>\n<p>&nbsp;<\/p>\n","protected":false},"excerpt":{"rendered":"<p>759DSG000045 ANT\u0130K \u00c7\u0130N ASKER\u0130 HEYKEL\u0130 ANT\u0130K KAHVE 60x63x200cm &nbsp;<\/p>\n","protected":false},"featured_media":27483,"template":"","meta":[],"product_brand":[],"product_cat":[219],"product_tag":[5993],"class_list":{"0":"post-27477","1":"product","2":"type-product","3":"status-publish","4":"has-post-thumbnail","6":"product_cat-759dsg","7":"product_tag-759dsg000045","9":"first","10":"instock","11":"taxable","12":"shipping-taxable","13":"product-type-simple"},"_links":{"self":[{"href":"https:\/\/kervanmagazacilik.com\/index.php\/wp-json\/wp\/v2\/product\/27477","targetHints":{"allow":["GET"]}}],"collection":[{"href":"https:\/\/kervanmagazacilik.com\/index.php\/wp-json\/wp\/v2\/product"}],"about":[{"href":"https:\/\/kervanmagazacilik.com\/index.php\/wp-json\/wp\/v2\/types\/product"}],"wp:featuredmedia":[{"embeddable":true,"href":"https:\/\/kervanmagazacilik.com\/index.php\/wp-json\/wp\/v2\/media\/27483"}],"wp:attachment":[{"href":"https:\/\/kervanmagazacilik.com\/index.php\/wp-json\/wp\/v2\/media?parent=27477"}],"wp:term":[{"taxonomy":"product_brand","embeddable":true,"href":"https:\/\/kervanmagazacilik.com\/index.php\/wp-json\/wp\/v2\/product_brand?post=27477"},{"taxonomy":"product_cat","embeddable":true,"href":"https:\/\/kervanmagazacilik.com\/index.php\/wp-json\/wp\/v2\/product_cat?post=27477"},{"taxonomy":"product_tag","embeddable":true,"href":"https:\/\/kervanmagazacilik.com\/index.php\/wp-json\/wp\/v2\/product_tag?post=27477"}],"curies":[{"name":"wp","href":"https:\/\/api.w.org\/{rel}","templated":true}]}}