{"id":27441,"date":"2025-06-25T17:08:06","date_gmt":"2025-06-25T14:08:06","guid":{"rendered":"https:\/\/kervanmagazacilik.com\/?post_type=product&#038;p=27441"},"modified":"2025-06-25T17:23:42","modified_gmt":"2025-06-25T14:23:42","slug":"611vil000073","status":"publish","type":"product","link":"https:\/\/kervanmagazacilik.com\/index.php\/urun\/611vil000073\/","title":{"rendered":"611VIL000073"},"content":{"rendered":"<p>611VIL000073<\/p>\n<p>2804 TIRNAK 108x42x77cm<\/p>\n<p>D\u0131\u015f mekan kullan\u0131m\u0131 i\u00e7in uygun de\u011fildir.Ya\u011fmura kar\u015f\u0131 korunmas\u0131 gerekmektedir.Kuru veya hafif nemli bir bez yard\u0131m\u0131 ile ah\u015fap y\u00fczeylerin temizli\u011fi yap\u0131lmal\u0131d\u0131r.<\/p>\n","protected":false},"excerpt":{"rendered":"<p>611VIL000073 2804 TIRNAK 108x42x77cm D\u0131\u015f mekan kullan\u0131m\u0131 i\u00e7in uygun de\u011fildir.Ya\u011fmura kar\u015f\u0131 korunmas\u0131 gerekmektedir.Kuru veya hafif nemli bir bez yard\u0131m\u0131 ile ah\u015fap y\u00fczeylerin temizli\u011fi yap\u0131lmal\u0131d\u0131r.<\/p>\n","protected":false},"featured_media":27443,"template":"","meta":[],"product_brand":[],"product_cat":[113],"product_tag":[5980],"class_list":{"0":"post-27441","1":"product","2":"type-product","3":"status-publish","4":"has-post-thumbnail","6":"product_cat-611vil","7":"product_tag-611vil000073","9":"first","10":"instock","11":"taxable","12":"shipping-taxable","13":"product-type-simple"},"_links":{"self":[{"href":"https:\/\/kervanmagazacilik.com\/index.php\/wp-json\/wp\/v2\/product\/27441","targetHints":{"allow":["GET"]}}],"collection":[{"href":"https:\/\/kervanmagazacilik.com\/index.php\/wp-json\/wp\/v2\/product"}],"about":[{"href":"https:\/\/kervanmagazacilik.com\/index.php\/wp-json\/wp\/v2\/types\/product"}],"wp:featuredmedia":[{"embeddable":true,"href":"https:\/\/kervanmagazacilik.com\/index.php\/wp-json\/wp\/v2\/media\/27443"}],"wp:attachment":[{"href":"https:\/\/kervanmagazacilik.com\/index.php\/wp-json\/wp\/v2\/media?parent=27441"}],"wp:term":[{"taxonomy":"product_brand","embeddable":true,"href":"https:\/\/kervanmagazacilik.com\/index.php\/wp-json\/wp\/v2\/product_brand?post=27441"},{"taxonomy":"product_cat","embeddable":true,"href":"https:\/\/kervanmagazacilik.com\/index.php\/wp-json\/wp\/v2\/product_cat?post=27441"},{"taxonomy":"product_tag","embeddable":true,"href":"https:\/\/kervanmagazacilik.com\/index.php\/wp-json\/wp\/v2\/product_tag?post=27441"}],"curies":[{"name":"wp","href":"https:\/\/api.w.org\/{rel}","templated":true}]}}