{"id":2743,"date":"2024-08-27T15:11:56","date_gmt":"2024-08-27T12:11:56","guid":{"rendered":"https:\/\/kervanmagazacilik.com\/?post_type=product&#038;p=2743"},"modified":"2024-08-27T15:11:57","modified_gmt":"2024-08-27T12:11:57","slug":"611ygp000004","status":"publish","type":"product","link":"https:\/\/kervanmagazacilik.com\/index.php\/urun\/611ygp000004\/","title":{"rendered":"611YGP000004"},"content":{"rendered":"<p>611YGP000004<\/p>\n<p>S\u0130LYON SANDALYE<\/p>\n<p>45x45x100cm ( \u0130REKO)<\/p>\n<p>\u0130roko a\u011fac\u0131 su, nem, g\u00fcne\u015f gibi do\u011fa ko\u015fullar\u0131na dayan\u0131kl\u0131 olan d\u0131\u015f mekan mobilyalar\u0131na en uygun \u00f6zelli\u011fe sahiptir. \u0130\u015flendikten sonra sar\u0131ms\u0131 bir renkte olan \u0130roko oksijen ile temasa ge\u00e7ti\u011finde 1 ay i\u00e7erisinde kahverengi bir renge b\u00fcr\u00fcnebilir. \u0130roko a\u011fac\u0131 uzun \u00f6m\u00fcrl\u00fc yap\u0131s\u0131yla do\u011fal \u00e7\u00fcr\u00fcmeye, b\u00f6cek ve hastal\u0131klara kar\u015f\u0131 y\u00fcksek diren\u00e7 g\u00f6sterir.<br \/>\nbulundu\u011fu ortam ve iklime g\u00f6re 1 ila 3 y\u0131ll\u0131k periotlar halinde teak ya\u011f\u0131 ile ya\u011flama yap\u0131larak bak\u0131m\u0131 yap\u0131ld\u0131\u011f\u0131 takdirde ilk g\u00fcnk\u00fc g\u00f6r\u00fcn\u00fcm\u00fcn\u00fc korumaktad\u0131r.<\/p>\n","protected":false},"excerpt":{"rendered":"<p>611YGP000004 S\u0130LYON SANDALYE 45x45x100cm ( \u0130REKO) \u0130roko a\u011fac\u0131 su, nem, g\u00fcne\u015f gibi do\u011fa ko\u015fullar\u0131na dayan\u0131kl\u0131 olan d\u0131\u015f mekan mobilyalar\u0131na en uygun \u00f6zelli\u011fe sahiptir. \u0130\u015flendikten sonra sar\u0131ms\u0131 bir renkte olan \u0130roko oksijen ile temasa ge\u00e7ti\u011finde 1 ay i\u00e7erisinde kahverengi bir renge b\u00fcr\u00fcnebilir. \u0130roko a\u011fac\u0131 uzun \u00f6m\u00fcrl\u00fc yap\u0131s\u0131yla do\u011fal \u00e7\u00fcr\u00fcmeye, b\u00f6cek ve hastal\u0131klara kar\u015f\u0131 y\u00fcksek diren\u00e7 g\u00f6sterir. [&hellip;]<\/p>\n","protected":false},"featured_media":2746,"template":"","meta":[],"product_brand":[],"product_cat":[109],"product_tag":[770],"class_list":{"0":"post-2743","1":"product","2":"type-product","3":"status-publish","4":"has-post-thumbnail","6":"product_cat-611ygp","7":"product_tag-611ygp000004","9":"first","10":"instock","11":"taxable","12":"shipping-taxable","13":"product-type-simple"},"_links":{"self":[{"href":"https:\/\/kervanmagazacilik.com\/index.php\/wp-json\/wp\/v2\/product\/2743","targetHints":{"allow":["GET"]}}],"collection":[{"href":"https:\/\/kervanmagazacilik.com\/index.php\/wp-json\/wp\/v2\/product"}],"about":[{"href":"https:\/\/kervanmagazacilik.com\/index.php\/wp-json\/wp\/v2\/types\/product"}],"wp:featuredmedia":[{"embeddable":true,"href":"https:\/\/kervanmagazacilik.com\/index.php\/wp-json\/wp\/v2\/media\/2746"}],"wp:attachment":[{"href":"https:\/\/kervanmagazacilik.com\/index.php\/wp-json\/wp\/v2\/media?parent=2743"}],"wp:term":[{"taxonomy":"product_brand","embeddable":true,"href":"https:\/\/kervanmagazacilik.com\/index.php\/wp-json\/wp\/v2\/product_brand?post=2743"},{"taxonomy":"product_cat","embeddable":true,"href":"https:\/\/kervanmagazacilik.com\/index.php\/wp-json\/wp\/v2\/product_cat?post=2743"},{"taxonomy":"product_tag","embeddable":true,"href":"https:\/\/kervanmagazacilik.com\/index.php\/wp-json\/wp\/v2\/product_tag?post=2743"}],"curies":[{"name":"wp","href":"https:\/\/api.w.org\/{rel}","templated":true}]}}