{"id":27395,"date":"2025-06-25T16:16:20","date_gmt":"2025-06-25T13:16:20","guid":{"rendered":"https:\/\/kervanmagazacilik.com\/?post_type=product&#038;p=27395"},"modified":"2025-06-25T16:16:20","modified_gmt":"2025-06-25T13:16:20","slug":"611cr0000280","status":"publish","type":"product","link":"https:\/\/kervanmagazacilik.com\/index.php\/urun\/611cr0000280\/","title":{"rendered":"611CR0000280"},"content":{"rendered":"<p>611CR0000280<\/p>\n<p>CAC51-001 JUNGLE YATAK + 2 KOMODIN (CAC51-701) 180x200cm<\/p>\n<p>KOMOD\u0130N : 45x40x65cm<\/p>\n<p>YATAK BA\u015eI : 150cm<\/p>\n<p>MANGO A\u011eACI<\/p>\n<p>H\u0130ND\u0130STAN&#8217;DA \u00dcRET\u0130LM\u0130\u015eT\u0130R<\/p>\n","protected":false},"excerpt":{"rendered":"<p>611CR0000280 CAC51-001 JUNGLE YATAK + 2 KOMODIN (CAC51-701) 180x200cm KOMOD\u0130N : 45x40x65cm YATAK BA\u015eI : 150cm MANGO A\u011eACI H\u0130ND\u0130STAN&#8217;DA \u00dcRET\u0130LM\u0130\u015eT\u0130R<\/p>\n","protected":false},"featured_media":27398,"template":"","meta":[],"product_brand":[],"product_cat":[146],"product_tag":[5923],"class_list":{"0":"post-27395","1":"product","2":"type-product","3":"status-publish","4":"has-post-thumbnail","6":"product_cat-611cr","7":"product_tag-611cr0000280","9":"first","10":"instock","11":"taxable","12":"shipping-taxable","13":"product-type-simple"},"_links":{"self":[{"href":"https:\/\/kervanmagazacilik.com\/index.php\/wp-json\/wp\/v2\/product\/27395","targetHints":{"allow":["GET"]}}],"collection":[{"href":"https:\/\/kervanmagazacilik.com\/index.php\/wp-json\/wp\/v2\/product"}],"about":[{"href":"https:\/\/kervanmagazacilik.com\/index.php\/wp-json\/wp\/v2\/types\/product"}],"wp:featuredmedia":[{"embeddable":true,"href":"https:\/\/kervanmagazacilik.com\/index.php\/wp-json\/wp\/v2\/media\/27398"}],"wp:attachment":[{"href":"https:\/\/kervanmagazacilik.com\/index.php\/wp-json\/wp\/v2\/media?parent=27395"}],"wp:term":[{"taxonomy":"product_brand","embeddable":true,"href":"https:\/\/kervanmagazacilik.com\/index.php\/wp-json\/wp\/v2\/product_brand?post=27395"},{"taxonomy":"product_cat","embeddable":true,"href":"https:\/\/kervanmagazacilik.com\/index.php\/wp-json\/wp\/v2\/product_cat?post=27395"},{"taxonomy":"product_tag","embeddable":true,"href":"https:\/\/kervanmagazacilik.com\/index.php\/wp-json\/wp\/v2\/product_tag?post=27395"}],"curies":[{"name":"wp","href":"https:\/\/api.w.org\/{rel}","templated":true}]}}