{"id":27384,"date":"2025-06-25T16:06:22","date_gmt":"2025-06-25T13:06:22","guid":{"rendered":"https:\/\/kervanmagazacilik.com\/?post_type=product&#038;p=27384"},"modified":"2025-06-25T16:06:22","modified_gmt":"2025-06-25T13:06:22","slug":"611cr0000011","status":"publish","type":"product","link":"https:\/\/kervanmagazacilik.com\/index.php\/urun\/611cr0000011\/","title":{"rendered":"611CR0000011"},"content":{"rendered":"<p>611CR0000011<\/p>\n<p>DIAMOND CA013 YATAK+2 KOM.(CA708) 160x200cm (KOM.60x35x72cm)<\/p>\n<p>YATAK BA\u015eI : 135cm<br \/>\nMANGO A\u011eACI<br \/>\nH\u0130ND\u0130STAN&#8217;DA \u00dcRET\u0130LM\u0130\u015eT\u0130R<\/p>\n","protected":false},"excerpt":{"rendered":"<p>611CR0000011 DIAMOND CA013 YATAK+2 KOM.(CA708) 160x200cm (KOM.60x35x72cm) YATAK BA\u015eI : 135cm MANGO A\u011eACI H\u0130ND\u0130STAN&#8217;DA \u00dcRET\u0130LM\u0130\u015eT\u0130R<\/p>\n","protected":false},"featured_media":27387,"template":"","meta":[],"product_brand":[],"product_cat":[146],"product_tag":[5959],"class_list":{"0":"post-27384","1":"product","2":"type-product","3":"status-publish","4":"has-post-thumbnail","6":"product_cat-611cr","7":"product_tag-611cr0000011","9":"first","10":"instock","11":"taxable","12":"shipping-taxable","13":"product-type-simple"},"_links":{"self":[{"href":"https:\/\/kervanmagazacilik.com\/index.php\/wp-json\/wp\/v2\/product\/27384","targetHints":{"allow":["GET"]}}],"collection":[{"href":"https:\/\/kervanmagazacilik.com\/index.php\/wp-json\/wp\/v2\/product"}],"about":[{"href":"https:\/\/kervanmagazacilik.com\/index.php\/wp-json\/wp\/v2\/types\/product"}],"wp:featuredmedia":[{"embeddable":true,"href":"https:\/\/kervanmagazacilik.com\/index.php\/wp-json\/wp\/v2\/media\/27387"}],"wp:attachment":[{"href":"https:\/\/kervanmagazacilik.com\/index.php\/wp-json\/wp\/v2\/media?parent=27384"}],"wp:term":[{"taxonomy":"product_brand","embeddable":true,"href":"https:\/\/kervanmagazacilik.com\/index.php\/wp-json\/wp\/v2\/product_brand?post=27384"},{"taxonomy":"product_cat","embeddable":true,"href":"https:\/\/kervanmagazacilik.com\/index.php\/wp-json\/wp\/v2\/product_cat?post=27384"},{"taxonomy":"product_tag","embeddable":true,"href":"https:\/\/kervanmagazacilik.com\/index.php\/wp-json\/wp\/v2\/product_tag?post=27384"}],"curies":[{"name":"wp","href":"https:\/\/api.w.org\/{rel}","templated":true}]}}