{"id":27379,"date":"2025-06-25T15:59:36","date_gmt":"2025-06-25T12:59:36","guid":{"rendered":"https:\/\/kervanmagazacilik.com\/?post_type=product&#038;p=27379"},"modified":"2025-06-25T15:59:37","modified_gmt":"2025-06-25T12:59:37","slug":"611abt000005","status":"publish","type":"product","link":"https:\/\/kervanmagazacilik.com\/index.php\/urun\/611abt000005\/","title":{"rendered":"611ABT000005"},"content":{"rendered":"<p>611ABT000005<\/p>\n<p>VERDE HS2014DIN\/9T YEMEK MASASI OVAL KAHVE 200x152x74cm 611ABT<\/p>\n<p>K\u0131sa Ad :<br \/>\n\u00d6zel Not :<br \/>\nUzun Not :<br \/>\nStok A\u00e7\u0131klamalar\u0131 : A\u00e7yklama9 : \u00c7\u0130N&#8217;DE \u00dcRET\u0130LM\u0130\u015eT\u0130R<\/p>\n","protected":false},"excerpt":{"rendered":"<p>611ABT000005 VERDE HS2014DIN\/9T YEMEK MASASI OVAL KAHVE 200x152x74cm 611ABT K\u0131sa Ad : \u00d6zel Not : Uzun Not : Stok A\u00e7\u0131klamalar\u0131 : A\u00e7yklama9 : \u00c7\u0130N&#8217;DE \u00dcRET\u0130LM\u0130\u015eT\u0130R<\/p>\n","protected":false},"featured_media":27380,"template":"","meta":[],"product_brand":[],"product_cat":[96],"product_tag":[5956],"class_list":{"0":"post-27379","1":"product","2":"type-product","3":"status-publish","4":"has-post-thumbnail","6":"product_cat-611abt","7":"product_tag-611abt000005","9":"first","10":"instock","11":"taxable","12":"shipping-taxable","13":"product-type-simple"},"_links":{"self":[{"href":"https:\/\/kervanmagazacilik.com\/index.php\/wp-json\/wp\/v2\/product\/27379","targetHints":{"allow":["GET"]}}],"collection":[{"href":"https:\/\/kervanmagazacilik.com\/index.php\/wp-json\/wp\/v2\/product"}],"about":[{"href":"https:\/\/kervanmagazacilik.com\/index.php\/wp-json\/wp\/v2\/types\/product"}],"wp:featuredmedia":[{"embeddable":true,"href":"https:\/\/kervanmagazacilik.com\/index.php\/wp-json\/wp\/v2\/media\/27380"}],"wp:attachment":[{"href":"https:\/\/kervanmagazacilik.com\/index.php\/wp-json\/wp\/v2\/media?parent=27379"}],"wp:term":[{"taxonomy":"product_brand","embeddable":true,"href":"https:\/\/kervanmagazacilik.com\/index.php\/wp-json\/wp\/v2\/product_brand?post=27379"},{"taxonomy":"product_cat","embeddable":true,"href":"https:\/\/kervanmagazacilik.com\/index.php\/wp-json\/wp\/v2\/product_cat?post=27379"},{"taxonomy":"product_tag","embeddable":true,"href":"https:\/\/kervanmagazacilik.com\/index.php\/wp-json\/wp\/v2\/product_tag?post=27379"}],"curies":[{"name":"wp","href":"https:\/\/api.w.org\/{rel}","templated":true}]}}