{"id":27378,"date":"2025-06-25T16:00:42","date_gmt":"2025-06-25T13:00:42","guid":{"rendered":"https:\/\/kervanmagazacilik.com\/?post_type=product&#038;p=27378"},"modified":"2025-06-25T16:00:43","modified_gmt":"2025-06-25T13:00:43","slug":"611abt000006","status":"publish","type":"product","link":"https:\/\/kervanmagazacilik.com\/index.php\/urun\/611abt000006\/","title":{"rendered":"611ABT000006"},"content":{"rendered":"<p>VERDE HS2014DIN\/9C KOLLU SANDALYE KAHVE 65x59x94cm<\/p>\n<p>%100 POLYESTER BAH\u00c7E MOB\u0130LYASI KUMA\u015eI<\/p>\n<p>\u00c7\u0130N&#8217;DE \u00dcRET\u0130LM\u0130\u015eT\u0130R<\/p>\n","protected":false},"excerpt":{"rendered":"<p>VERDE HS2014DIN\/9C KOLLU SANDALYE KAHVE 65x59x94cm %100 POLYESTER BAH\u00c7E MOB\u0130LYASI KUMA\u015eI \u00c7\u0130N&#8217;DE \u00dcRET\u0130LM\u0130\u015eT\u0130R<\/p>\n","protected":false},"featured_media":27382,"template":"","meta":[],"product_brand":[],"product_cat":[96],"product_tag":[5957],"class_list":{"0":"post-27378","1":"product","2":"type-product","3":"status-publish","4":"has-post-thumbnail","6":"product_cat-611abt","7":"product_tag-611abt000006","9":"first","10":"instock","11":"taxable","12":"shipping-taxable","13":"product-type-simple"},"_links":{"self":[{"href":"https:\/\/kervanmagazacilik.com\/index.php\/wp-json\/wp\/v2\/product\/27378","targetHints":{"allow":["GET"]}}],"collection":[{"href":"https:\/\/kervanmagazacilik.com\/index.php\/wp-json\/wp\/v2\/product"}],"about":[{"href":"https:\/\/kervanmagazacilik.com\/index.php\/wp-json\/wp\/v2\/types\/product"}],"wp:featuredmedia":[{"embeddable":true,"href":"https:\/\/kervanmagazacilik.com\/index.php\/wp-json\/wp\/v2\/media\/27382"}],"wp:attachment":[{"href":"https:\/\/kervanmagazacilik.com\/index.php\/wp-json\/wp\/v2\/media?parent=27378"}],"wp:term":[{"taxonomy":"product_brand","embeddable":true,"href":"https:\/\/kervanmagazacilik.com\/index.php\/wp-json\/wp\/v2\/product_brand?post=27378"},{"taxonomy":"product_cat","embeddable":true,"href":"https:\/\/kervanmagazacilik.com\/index.php\/wp-json\/wp\/v2\/product_cat?post=27378"},{"taxonomy":"product_tag","embeddable":true,"href":"https:\/\/kervanmagazacilik.com\/index.php\/wp-json\/wp\/v2\/product_tag?post=27378"}],"curies":[{"name":"wp","href":"https:\/\/api.w.org\/{rel}","templated":true}]}}