{"id":27366,"date":"2025-06-24T17:31:06","date_gmt":"2025-06-24T14:31:06","guid":{"rendered":"https:\/\/kervanmagazacilik.com\/?post_type=product&#038;p=27366"},"modified":"2025-06-24T17:31:06","modified_gmt":"2025-06-24T14:31:06","slug":"611ps0000034","status":"publish","type":"product","link":"https:\/\/kervanmagazacilik.com\/index.php\/urun\/611ps0000034\/","title":{"rendered":"611PS0000034"},"content":{"rendered":"<p>611PS0000034<\/p>\n<p>LUMIER \u015e\u0130FONYER 45x90x120cm LMR5<\/p>\n<p>Bayur A\u011fac\u0131 &#8211; MDF<br \/>\n1.\/ Silmek i\u00e7in nemli bir bez kullan\u0131n ve ard\u0131ndan kuru bir bezle silin<br \/>\n2.\/ Herhangi bir mobilyay\u0131 ta\u015f\u0131rken, \u00f6zellikle de b\u00fcy\u00fck e\u015fyalar\u0131 ta\u015f\u0131rken daima yard\u0131m al\u0131n.<\/p>\n","protected":false},"excerpt":{"rendered":"<p>611PS0000034 LUMIER \u015e\u0130FONYER 45x90x120cm LMR5 Bayur A\u011fac\u0131 &#8211; MDF 1.\/ Silmek i\u00e7in nemli bir bez kullan\u0131n ve ard\u0131ndan kuru bir bezle silin 2.\/ Herhangi bir mobilyay\u0131 ta\u015f\u0131rken, \u00f6zellikle de b\u00fcy\u00fck e\u015fyalar\u0131 ta\u015f\u0131rken daima yard\u0131m al\u0131n.<\/p>\n","protected":false},"featured_media":27368,"template":"","meta":[],"product_brand":[],"product_cat":[74],"product_tag":[5952],"class_list":{"0":"post-27366","1":"product","2":"type-product","3":"status-publish","4":"has-post-thumbnail","6":"product_cat-611ps","7":"product_tag-611ps0000034","9":"first","10":"instock","11":"taxable","12":"shipping-taxable","13":"product-type-simple"},"_links":{"self":[{"href":"https:\/\/kervanmagazacilik.com\/index.php\/wp-json\/wp\/v2\/product\/27366","targetHints":{"allow":["GET"]}}],"collection":[{"href":"https:\/\/kervanmagazacilik.com\/index.php\/wp-json\/wp\/v2\/product"}],"about":[{"href":"https:\/\/kervanmagazacilik.com\/index.php\/wp-json\/wp\/v2\/types\/product"}],"wp:featuredmedia":[{"embeddable":true,"href":"https:\/\/kervanmagazacilik.com\/index.php\/wp-json\/wp\/v2\/media\/27368"}],"wp:attachment":[{"href":"https:\/\/kervanmagazacilik.com\/index.php\/wp-json\/wp\/v2\/media?parent=27366"}],"wp:term":[{"taxonomy":"product_brand","embeddable":true,"href":"https:\/\/kervanmagazacilik.com\/index.php\/wp-json\/wp\/v2\/product_brand?post=27366"},{"taxonomy":"product_cat","embeddable":true,"href":"https:\/\/kervanmagazacilik.com\/index.php\/wp-json\/wp\/v2\/product_cat?post=27366"},{"taxonomy":"product_tag","embeddable":true,"href":"https:\/\/kervanmagazacilik.com\/index.php\/wp-json\/wp\/v2\/product_tag?post=27366"}],"curies":[{"name":"wp","href":"https:\/\/api.w.org\/{rel}","templated":true}]}}