{"id":27358,"date":"2025-06-24T17:19:34","date_gmt":"2025-06-24T14:19:34","guid":{"rendered":"https:\/\/kervanmagazacilik.com\/?post_type=product&#038;p=27358"},"modified":"2025-06-24T17:19:34","modified_gmt":"2025-06-24T14:19:34","slug":"611ps0000029","status":"publish","type":"product","link":"https:\/\/kervanmagazacilik.com\/index.php\/urun\/611ps0000029\/","title":{"rendered":"611PS0000029"},"content":{"rendered":"<p>611PS0000029<\/p>\n<p>LOBERON YATAK+2 KOMOD\u0130N KREM 160x200cm LOB7-LMR3<\/p>\n<p>Bayur A\u011fac\u0131 &#8211; MDF<br \/>\n%100 Pamuk<br \/>\n1.\/ Silmek i\u00e7in nemli bir bez kullan\u0131n ve ard\u0131ndan t\u00fcm ah\u015fap kaplama bile\u015fenleri i\u00e7in kuru bir bezle silin<br \/>\n2.\/ Herhangi bir mobilyay\u0131 ta\u015f\u0131rken, \u00f6zellikle de b\u00fcy\u00fck e\u015fyalar\u0131 ta\u015f\u0131rken daima yard\u0131m al\u0131n.<br \/>\nKOMOD\u0130N 40x55x65cm<\/p>\n","protected":false},"excerpt":{"rendered":"<p>611PS0000029 LOBERON YATAK+2 KOMOD\u0130N KREM 160x200cm LOB7-LMR3 Bayur A\u011fac\u0131 &#8211; MDF %100 Pamuk 1.\/ Silmek i\u00e7in nemli bir bez kullan\u0131n ve ard\u0131ndan t\u00fcm ah\u015fap kaplama bile\u015fenleri i\u00e7in kuru bir bezle silin 2.\/ Herhangi bir mobilyay\u0131 ta\u015f\u0131rken, \u00f6zellikle de b\u00fcy\u00fck e\u015fyalar\u0131 ta\u015f\u0131rken daima yard\u0131m al\u0131n. KOMOD\u0130N 40x55x65cm<\/p>\n","protected":false},"featured_media":27359,"template":"","meta":[],"product_brand":[],"product_cat":[74],"product_tag":[5950],"class_list":{"0":"post-27358","1":"product","2":"type-product","3":"status-publish","4":"has-post-thumbnail","6":"product_cat-611ps","7":"product_tag-611ps0000029","9":"first","10":"instock","11":"taxable","12":"shipping-taxable","13":"product-type-simple"},"_links":{"self":[{"href":"https:\/\/kervanmagazacilik.com\/index.php\/wp-json\/wp\/v2\/product\/27358","targetHints":{"allow":["GET"]}}],"collection":[{"href":"https:\/\/kervanmagazacilik.com\/index.php\/wp-json\/wp\/v2\/product"}],"about":[{"href":"https:\/\/kervanmagazacilik.com\/index.php\/wp-json\/wp\/v2\/types\/product"}],"wp:featuredmedia":[{"embeddable":true,"href":"https:\/\/kervanmagazacilik.com\/index.php\/wp-json\/wp\/v2\/media\/27359"}],"wp:attachment":[{"href":"https:\/\/kervanmagazacilik.com\/index.php\/wp-json\/wp\/v2\/media?parent=27358"}],"wp:term":[{"taxonomy":"product_brand","embeddable":true,"href":"https:\/\/kervanmagazacilik.com\/index.php\/wp-json\/wp\/v2\/product_brand?post=27358"},{"taxonomy":"product_cat","embeddable":true,"href":"https:\/\/kervanmagazacilik.com\/index.php\/wp-json\/wp\/v2\/product_cat?post=27358"},{"taxonomy":"product_tag","embeddable":true,"href":"https:\/\/kervanmagazacilik.com\/index.php\/wp-json\/wp\/v2\/product_tag?post=27358"}],"curies":[{"name":"wp","href":"https:\/\/api.w.org\/{rel}","templated":true}]}}