{"id":27339,"date":"2025-06-24T17:04:20","date_gmt":"2025-06-24T14:04:20","guid":{"rendered":"https:\/\/kervanmagazacilik.com\/?post_type=product&#038;p=27339"},"modified":"2025-06-24T17:09:45","modified_gmt":"2025-06-24T14:09:45","slug":"611vil000484","status":"publish","type":"product","link":"https:\/\/kervanmagazacilik.com\/index.php\/urun\/611vil000484\/","title":{"rendered":"611VIL000484"},"content":{"rendered":"<p>611VIL000484<\/p>\n<p>BAR \u00dcN\u0130TES\u0130 50x88x109cm 3874<\/p>\n<p>&nbsp;<\/p>\n<p>&nbsp;<\/p>\n","protected":false},"excerpt":{"rendered":"<p>611VIL000484 BAR \u00dcN\u0130TES\u0130 50x88x109cm 3874 &nbsp; &nbsp;<\/p>\n","protected":false},"featured_media":27353,"template":"","meta":[],"product_brand":[],"product_cat":[113],"product_tag":[5948],"class_list":{"0":"post-27339","1":"product","2":"type-product","3":"status-publish","4":"has-post-thumbnail","6":"product_cat-611vil","7":"product_tag-611vil000484","9":"first","10":"instock","11":"taxable","12":"shipping-taxable","13":"product-type-simple"},"_links":{"self":[{"href":"https:\/\/kervanmagazacilik.com\/index.php\/wp-json\/wp\/v2\/product\/27339","targetHints":{"allow":["GET"]}}],"collection":[{"href":"https:\/\/kervanmagazacilik.com\/index.php\/wp-json\/wp\/v2\/product"}],"about":[{"href":"https:\/\/kervanmagazacilik.com\/index.php\/wp-json\/wp\/v2\/types\/product"}],"wp:featuredmedia":[{"embeddable":true,"href":"https:\/\/kervanmagazacilik.com\/index.php\/wp-json\/wp\/v2\/media\/27353"}],"wp:attachment":[{"href":"https:\/\/kervanmagazacilik.com\/index.php\/wp-json\/wp\/v2\/media?parent=27339"}],"wp:term":[{"taxonomy":"product_brand","embeddable":true,"href":"https:\/\/kervanmagazacilik.com\/index.php\/wp-json\/wp\/v2\/product_brand?post=27339"},{"taxonomy":"product_cat","embeddable":true,"href":"https:\/\/kervanmagazacilik.com\/index.php\/wp-json\/wp\/v2\/product_cat?post=27339"},{"taxonomy":"product_tag","embeddable":true,"href":"https:\/\/kervanmagazacilik.com\/index.php\/wp-json\/wp\/v2\/product_tag?post=27339"}],"curies":[{"name":"wp","href":"https:\/\/api.w.org\/{rel}","templated":true}]}}