{"id":2733,"date":"2024-08-27T11:37:57","date_gmt":"2024-08-27T08:37:57","guid":{"rendered":"https:\/\/kervanmagazacilik.com\/?post_type=product&#038;p=2733"},"modified":"2024-08-27T11:37:58","modified_gmt":"2024-08-27T08:37:58","slug":"611cs0000002","status":"publish","type":"product","link":"https:\/\/kervanmagazacilik.com\/index.php\/urun\/611cs0000002\/","title":{"rendered":"611CS0000002"},"content":{"rendered":"<p>611CS0000002<\/p>\n<p>HISTORIA K\u00d6\u015eE SOL TA\u015e<\/p>\n<p>145x330cm (HISTORIA 1003)<\/p>\n<p>HISTORIA 1003<\/p>\n","protected":false},"excerpt":{"rendered":"<p>611CS0000002 HISTORIA K\u00d6\u015eE SOL TA\u015e 145x330cm (HISTORIA 1003) HISTORIA 1003<\/p>\n","protected":false},"featured_media":2737,"template":"","meta":[],"product_brand":[],"product_cat":[90],"product_tag":[768],"class_list":{"0":"post-2733","1":"product","2":"type-product","3":"status-publish","4":"has-post-thumbnail","6":"product_cat-611cs","7":"product_tag-611cs0000002","9":"first","10":"instock","11":"taxable","12":"shipping-taxable","13":"product-type-simple"},"_links":{"self":[{"href":"https:\/\/kervanmagazacilik.com\/index.php\/wp-json\/wp\/v2\/product\/2733","targetHints":{"allow":["GET"]}}],"collection":[{"href":"https:\/\/kervanmagazacilik.com\/index.php\/wp-json\/wp\/v2\/product"}],"about":[{"href":"https:\/\/kervanmagazacilik.com\/index.php\/wp-json\/wp\/v2\/types\/product"}],"wp:featuredmedia":[{"embeddable":true,"href":"https:\/\/kervanmagazacilik.com\/index.php\/wp-json\/wp\/v2\/media\/2737"}],"wp:attachment":[{"href":"https:\/\/kervanmagazacilik.com\/index.php\/wp-json\/wp\/v2\/media?parent=2733"}],"wp:term":[{"taxonomy":"product_brand","embeddable":true,"href":"https:\/\/kervanmagazacilik.com\/index.php\/wp-json\/wp\/v2\/product_brand?post=2733"},{"taxonomy":"product_cat","embeddable":true,"href":"https:\/\/kervanmagazacilik.com\/index.php\/wp-json\/wp\/v2\/product_cat?post=2733"},{"taxonomy":"product_tag","embeddable":true,"href":"https:\/\/kervanmagazacilik.com\/index.php\/wp-json\/wp\/v2\/product_tag?post=2733"}],"curies":[{"name":"wp","href":"https:\/\/api.w.org\/{rel}","templated":true}]}}