{"id":2725,"date":"2024-08-27T11:35:13","date_gmt":"2024-08-27T08:35:13","guid":{"rendered":"https:\/\/kervanmagazacilik.com\/?post_type=product&#038;p=2725"},"modified":"2024-08-27T11:35:13","modified_gmt":"2024-08-27T08:35:13","slug":"611cs0000003","status":"publish","type":"product","link":"https:\/\/kervanmagazacilik.com\/index.php\/urun\/611cs0000003\/","title":{"rendered":"611CS0000003"},"content":{"rendered":"<p>611CS0000003<\/p>\n<p>TIFFANY K\u00d6\u015eE SA\u011e EKRU<\/p>\n<p>170&#215;294 (TIFFANY 03)<\/p>\n<p>TIFANY 03<\/p>\n","protected":false},"excerpt":{"rendered":"<p>611CS0000003 TIFFANY K\u00d6\u015eE SA\u011e EKRU 170&#215;294 (TIFFANY 03) TIFANY 03<\/p>\n","protected":false},"featured_media":2732,"template":"","meta":[],"product_brand":[],"product_cat":[90],"product_tag":[767],"class_list":{"0":"post-2725","1":"product","2":"type-product","3":"status-publish","4":"has-post-thumbnail","6":"product_cat-611cs","7":"product_tag-611cs0000003","9":"first","10":"instock","11":"taxable","12":"shipping-taxable","13":"product-type-simple"},"_links":{"self":[{"href":"https:\/\/kervanmagazacilik.com\/index.php\/wp-json\/wp\/v2\/product\/2725","targetHints":{"allow":["GET"]}}],"collection":[{"href":"https:\/\/kervanmagazacilik.com\/index.php\/wp-json\/wp\/v2\/product"}],"about":[{"href":"https:\/\/kervanmagazacilik.com\/index.php\/wp-json\/wp\/v2\/types\/product"}],"wp:featuredmedia":[{"embeddable":true,"href":"https:\/\/kervanmagazacilik.com\/index.php\/wp-json\/wp\/v2\/media\/2732"}],"wp:attachment":[{"href":"https:\/\/kervanmagazacilik.com\/index.php\/wp-json\/wp\/v2\/media?parent=2725"}],"wp:term":[{"taxonomy":"product_brand","embeddable":true,"href":"https:\/\/kervanmagazacilik.com\/index.php\/wp-json\/wp\/v2\/product_brand?post=2725"},{"taxonomy":"product_cat","embeddable":true,"href":"https:\/\/kervanmagazacilik.com\/index.php\/wp-json\/wp\/v2\/product_cat?post=2725"},{"taxonomy":"product_tag","embeddable":true,"href":"https:\/\/kervanmagazacilik.com\/index.php\/wp-json\/wp\/v2\/product_tag?post=2725"}],"curies":[{"name":"wp","href":"https:\/\/api.w.org\/{rel}","templated":true}]}}