{"id":27175,"date":"2025-06-24T14:44:58","date_gmt":"2025-06-24T11:44:58","guid":{"rendered":"https:\/\/kervanmagazacilik.com\/?post_type=product&#038;p=27175"},"modified":"2025-06-24T14:45:27","modified_gmt":"2025-06-24T11:45:27","slug":"611cr0000263","status":"publish","type":"product","link":"https:\/\/kervanmagazacilik.com\/index.php\/urun\/611cr0000263\/","title":{"rendered":"611CR0000263"},"content":{"rendered":"<p>611CR0000263<\/p>\n<p>G\u00dcNE\u015e CAC1-001 YATAK + 2 KOMODIN (CAC1-702) 160x200cm+KOMODIN:45x40x65cm<\/p>\n<p>KOMOD\u0130N : 45x40x65cm<\/p>\n<p>K\u0131sa Ad :<br \/>\n\u00d6zel Not :<br \/>\nUzun Not : MANGO A\u011eACI<br \/>\nStok A\u00e7\u0131klamalar\u0131 : A\u00e7yklama1 : MANGO A\u011eACI<br \/>\nA\u00e7yklama9 : H\u0130ND\u0130STAN&#8217;DA \u00dcRET\u0130LM\u0130\u015eT\u0130R<\/p>\n<p>&nbsp;<\/p>\n","protected":false},"excerpt":{"rendered":"<p>611CR0000263 G\u00dcNE\u015e CAC1-001 YATAK + 2 KOMODIN (CAC1-702) 160x200cm+KOMODIN:45x40x65cm KOMOD\u0130N : 45x40x65cm K\u0131sa Ad : \u00d6zel Not : Uzun Not : MANGO A\u011eACI Stok A\u00e7\u0131klamalar\u0131 : A\u00e7yklama1 : MANGO A\u011eACI A\u00e7yklama9 : H\u0130ND\u0130STAN&#8217;DA \u00dcRET\u0130LM\u0130\u015eT\u0130R &nbsp;<\/p>\n","protected":false},"featured_media":27177,"template":"","meta":[],"product_brand":[],"product_cat":[146],"product_tag":[5924],"class_list":{"0":"post-27175","1":"product","2":"type-product","3":"status-publish","4":"has-post-thumbnail","6":"product_cat-611cr","7":"product_tag-611cr0000263","9":"first","10":"instock","11":"taxable","12":"shipping-taxable","13":"product-type-simple"},"_links":{"self":[{"href":"https:\/\/kervanmagazacilik.com\/index.php\/wp-json\/wp\/v2\/product\/27175","targetHints":{"allow":["GET"]}}],"collection":[{"href":"https:\/\/kervanmagazacilik.com\/index.php\/wp-json\/wp\/v2\/product"}],"about":[{"href":"https:\/\/kervanmagazacilik.com\/index.php\/wp-json\/wp\/v2\/types\/product"}],"wp:featuredmedia":[{"embeddable":true,"href":"https:\/\/kervanmagazacilik.com\/index.php\/wp-json\/wp\/v2\/media\/27177"}],"wp:attachment":[{"href":"https:\/\/kervanmagazacilik.com\/index.php\/wp-json\/wp\/v2\/media?parent=27175"}],"wp:term":[{"taxonomy":"product_brand","embeddable":true,"href":"https:\/\/kervanmagazacilik.com\/index.php\/wp-json\/wp\/v2\/product_brand?post=27175"},{"taxonomy":"product_cat","embeddable":true,"href":"https:\/\/kervanmagazacilik.com\/index.php\/wp-json\/wp\/v2\/product_cat?post=27175"},{"taxonomy":"product_tag","embeddable":true,"href":"https:\/\/kervanmagazacilik.com\/index.php\/wp-json\/wp\/v2\/product_tag?post=27175"}],"curies":[{"name":"wp","href":"https:\/\/api.w.org\/{rel}","templated":true}]}}