{"id":26931,"date":"2025-06-20T09:49:29","date_gmt":"2025-06-20T06:49:29","guid":{"rendered":"https:\/\/kervanmagazacilik.com\/?post_type=product&#038;p=26931"},"modified":"2025-06-20T09:49:29","modified_gmt":"2025-06-20T06:49:29","slug":"611ps0000040","status":"publish","type":"product","link":"https:\/\/kervanmagazacilik.com\/index.php\/urun\/611ps0000040\/","title":{"rendered":"611PS0000040"},"content":{"rendered":"<p>611PS0000040<\/p>\n<p>Bayur Ah\u015fap + MDF<\/p>\n<p>Sadece nemli bir bezle silin ve ard\u0131ndan kuru bir bezle silin, toz alma f\u0131r\u00e7as\u0131 ile tozunu al\u0131n.<\/p>\n","protected":false},"excerpt":{"rendered":"<p>611PS0000040 Bayur Ah\u015fap + MDF Sadece nemli bir bezle silin ve ard\u0131ndan kuru bir bezle silin, toz alma f\u0131r\u00e7as\u0131 ile tozunu al\u0131n.<\/p>\n","protected":false},"featured_media":26933,"template":"","meta":[],"product_brand":[],"product_cat":[74],"product_tag":[5882],"class_list":{"0":"post-26931","1":"product","2":"type-product","3":"status-publish","4":"has-post-thumbnail","6":"product_cat-611ps","7":"product_tag-611ps0000040","9":"first","10":"instock","11":"taxable","12":"shipping-taxable","13":"product-type-simple"},"_links":{"self":[{"href":"https:\/\/kervanmagazacilik.com\/index.php\/wp-json\/wp\/v2\/product\/26931","targetHints":{"allow":["GET"]}}],"collection":[{"href":"https:\/\/kervanmagazacilik.com\/index.php\/wp-json\/wp\/v2\/product"}],"about":[{"href":"https:\/\/kervanmagazacilik.com\/index.php\/wp-json\/wp\/v2\/types\/product"}],"wp:featuredmedia":[{"embeddable":true,"href":"https:\/\/kervanmagazacilik.com\/index.php\/wp-json\/wp\/v2\/media\/26933"}],"wp:attachment":[{"href":"https:\/\/kervanmagazacilik.com\/index.php\/wp-json\/wp\/v2\/media?parent=26931"}],"wp:term":[{"taxonomy":"product_brand","embeddable":true,"href":"https:\/\/kervanmagazacilik.com\/index.php\/wp-json\/wp\/v2\/product_brand?post=26931"},{"taxonomy":"product_cat","embeddable":true,"href":"https:\/\/kervanmagazacilik.com\/index.php\/wp-json\/wp\/v2\/product_cat?post=26931"},{"taxonomy":"product_tag","embeddable":true,"href":"https:\/\/kervanmagazacilik.com\/index.php\/wp-json\/wp\/v2\/product_tag?post=26931"}],"curies":[{"name":"wp","href":"https:\/\/api.w.org\/{rel}","templated":true}]}}