{"id":26769,"date":"2025-06-17T17:07:20","date_gmt":"2025-06-17T14:07:20","guid":{"rendered":"https:\/\/kervanmagazacilik.com\/?post_type=product&#038;p=26769"},"modified":"2025-06-17T17:07:20","modified_gmt":"2025-06-17T14:07:20","slug":"611dsg000010","status":"publish","type":"product","link":"https:\/\/kervanmagazacilik.com\/index.php\/urun\/611dsg000010\/","title":{"rendered":"611DSG000010"},"content":{"rendered":"<p>611DSG000010<\/p>\n<p>MAKRAME SEMSIYE KREM TEAK AYAKLI 200x260cm<\/p>\n<p>teak ve prin\u00e7 -pamuk makrome \u00f6rg\u00fc<\/p>\n","protected":false},"excerpt":{"rendered":"<p>611DSG000010 MAKRAME SEMSIYE KREM TEAK AYAKLI 200x260cm teak ve prin\u00e7 -pamuk makrome \u00f6rg\u00fc<\/p>\n","protected":false},"featured_media":26770,"template":"","meta":[],"product_brand":[],"product_cat":[1500],"product_tag":[5857],"class_list":{"0":"post-26769","1":"product","2":"type-product","3":"status-publish","4":"has-post-thumbnail","6":"product_cat-611dsg","7":"product_tag-611dsg000010","9":"first","10":"instock","11":"taxable","12":"shipping-taxable","13":"product-type-simple"},"_links":{"self":[{"href":"https:\/\/kervanmagazacilik.com\/index.php\/wp-json\/wp\/v2\/product\/26769","targetHints":{"allow":["GET"]}}],"collection":[{"href":"https:\/\/kervanmagazacilik.com\/index.php\/wp-json\/wp\/v2\/product"}],"about":[{"href":"https:\/\/kervanmagazacilik.com\/index.php\/wp-json\/wp\/v2\/types\/product"}],"wp:featuredmedia":[{"embeddable":true,"href":"https:\/\/kervanmagazacilik.com\/index.php\/wp-json\/wp\/v2\/media\/26770"}],"wp:attachment":[{"href":"https:\/\/kervanmagazacilik.com\/index.php\/wp-json\/wp\/v2\/media?parent=26769"}],"wp:term":[{"taxonomy":"product_brand","embeddable":true,"href":"https:\/\/kervanmagazacilik.com\/index.php\/wp-json\/wp\/v2\/product_brand?post=26769"},{"taxonomy":"product_cat","embeddable":true,"href":"https:\/\/kervanmagazacilik.com\/index.php\/wp-json\/wp\/v2\/product_cat?post=26769"},{"taxonomy":"product_tag","embeddable":true,"href":"https:\/\/kervanmagazacilik.com\/index.php\/wp-json\/wp\/v2\/product_tag?post=26769"}],"curies":[{"name":"wp","href":"https:\/\/api.w.org\/{rel}","templated":true}]}}