{"id":26742,"date":"2025-06-17T11:18:59","date_gmt":"2025-06-17T08:18:59","guid":{"rendered":"https:\/\/kervanmagazacilik.com\/?post_type=product&#038;p=26742"},"modified":"2025-06-17T11:18:59","modified_gmt":"2025-06-17T08:18:59","slug":"10005mir0006","status":"publish","type":"product","link":"https:\/\/kervanmagazacilik.com\/index.php\/urun\/10005mir0006\/","title":{"rendered":"10005MIR0006"},"content":{"rendered":"<p>10005MIR0006<\/p>\n<p>DELHI 2076B \u015eAL SETL\u0130 NEVRES\u0130M TAKIMI BEJ-PUDRA 8 PR\u00c7. \u00c7.K. ( 200*220 cm)<\/p>\n","protected":false},"excerpt":{"rendered":"<p>10005MIR0006 DELHI 2076B \u015eAL SETL\u0130 NEVRES\u0130M TAKIMI BEJ-PUDRA 8 PR\u00c7. \u00c7.K. ( 200*220 cm)<\/p>\n","protected":false},"featured_media":26743,"template":"","meta":[],"product_brand":[],"product_cat":[5785],"product_tag":[5853],"class_list":{"0":"post-26742","1":"product","2":"type-product","3":"status-publish","4":"has-post-thumbnail","6":"product_cat-10005mir","7":"product_tag-10005mir0006","9":"first","10":"instock","11":"taxable","12":"shipping-taxable","13":"product-type-simple"},"_links":{"self":[{"href":"https:\/\/kervanmagazacilik.com\/index.php\/wp-json\/wp\/v2\/product\/26742","targetHints":{"allow":["GET"]}}],"collection":[{"href":"https:\/\/kervanmagazacilik.com\/index.php\/wp-json\/wp\/v2\/product"}],"about":[{"href":"https:\/\/kervanmagazacilik.com\/index.php\/wp-json\/wp\/v2\/types\/product"}],"wp:featuredmedia":[{"embeddable":true,"href":"https:\/\/kervanmagazacilik.com\/index.php\/wp-json\/wp\/v2\/media\/26743"}],"wp:attachment":[{"href":"https:\/\/kervanmagazacilik.com\/index.php\/wp-json\/wp\/v2\/media?parent=26742"}],"wp:term":[{"taxonomy":"product_brand","embeddable":true,"href":"https:\/\/kervanmagazacilik.com\/index.php\/wp-json\/wp\/v2\/product_brand?post=26742"},{"taxonomy":"product_cat","embeddable":true,"href":"https:\/\/kervanmagazacilik.com\/index.php\/wp-json\/wp\/v2\/product_cat?post=26742"},{"taxonomy":"product_tag","embeddable":true,"href":"https:\/\/kervanmagazacilik.com\/index.php\/wp-json\/wp\/v2\/product_tag?post=26742"}],"curies":[{"name":"wp","href":"https:\/\/api.w.org\/{rel}","templated":true}]}}