{"id":26711,"date":"2025-06-17T09:47:29","date_gmt":"2025-06-17T06:47:29","guid":{"rendered":"https:\/\/kervanmagazacilik.com\/?post_type=product&#038;p=26711"},"modified":"2025-06-17T09:47:29","modified_gmt":"2025-06-17T06:47:29","slug":"611kmt000007","status":"publish","type":"product","link":"https:\/\/kervanmagazacilik.com\/index.php\/urun\/611kmt000007\/","title":{"rendered":"611KMT000007"},"content":{"rendered":"<p>611KMT000007<\/p>\n<p>KOLTUK TAKIM KAHVE 3+1+1+SEHPA<\/p>\n<p>Masa: Polystone \u00fcst k\u0131s\u0131m<br \/>\nKanepe: Ah\u015fap tik, Al\u00fcminyum, Halat \u00c7ap\u0131. 5mm\/ A\u00e7\u0131k Kahverengi, Minder 12cm kal\u0131nl\u0131\u011f\u0131nda ve %100 polyester kuma\u015f<\/p>\n","protected":false},"excerpt":{"rendered":"<p>611KMT000007 KOLTUK TAKIM KAHVE 3+1+1+SEHPA Masa: Polystone \u00fcst k\u0131s\u0131m Kanepe: Ah\u015fap tik, Al\u00fcminyum, Halat \u00c7ap\u0131. 5mm\/ A\u00e7\u0131k Kahverengi, Minder 12cm kal\u0131nl\u0131\u011f\u0131nda ve %100 polyester kuma\u015f<\/p>\n","protected":false},"featured_media":26712,"template":"","meta":[],"product_brand":[],"product_cat":[1101],"product_tag":[5843],"class_list":{"0":"post-26711","1":"product","2":"type-product","3":"status-publish","4":"has-post-thumbnail","6":"product_cat-611kmt","7":"product_tag-611kmt000007","9":"first","10":"instock","11":"taxable","12":"shipping-taxable","13":"product-type-simple"},"_links":{"self":[{"href":"https:\/\/kervanmagazacilik.com\/index.php\/wp-json\/wp\/v2\/product\/26711","targetHints":{"allow":["GET"]}}],"collection":[{"href":"https:\/\/kervanmagazacilik.com\/index.php\/wp-json\/wp\/v2\/product"}],"about":[{"href":"https:\/\/kervanmagazacilik.com\/index.php\/wp-json\/wp\/v2\/types\/product"}],"wp:featuredmedia":[{"embeddable":true,"href":"https:\/\/kervanmagazacilik.com\/index.php\/wp-json\/wp\/v2\/media\/26712"}],"wp:attachment":[{"href":"https:\/\/kervanmagazacilik.com\/index.php\/wp-json\/wp\/v2\/media?parent=26711"}],"wp:term":[{"taxonomy":"product_brand","embeddable":true,"href":"https:\/\/kervanmagazacilik.com\/index.php\/wp-json\/wp\/v2\/product_brand?post=26711"},{"taxonomy":"product_cat","embeddable":true,"href":"https:\/\/kervanmagazacilik.com\/index.php\/wp-json\/wp\/v2\/product_cat?post=26711"},{"taxonomy":"product_tag","embeddable":true,"href":"https:\/\/kervanmagazacilik.com\/index.php\/wp-json\/wp\/v2\/product_tag?post=26711"}],"curies":[{"name":"wp","href":"https:\/\/api.w.org\/{rel}","templated":true}]}}