{"id":26697,"date":"2025-06-17T09:39:16","date_gmt":"2025-06-17T06:39:16","guid":{"rendered":"https:\/\/kervanmagazacilik.com\/?post_type=product&#038;p=26697"},"modified":"2025-06-17T09:39:16","modified_gmt":"2025-06-17T06:39:16","slug":"611cr0000278","status":"publish","type":"product","link":"https:\/\/kervanmagazacilik.com\/index.php\/urun\/611cr0000278\/","title":{"rendered":"611CR0000278"},"content":{"rendered":"<p>611CR0000278<\/p>\n<p>BROWN YATAK+1 KOM.(CAC20-701) 100x200cm (KOM.35x50x71cm) CAC20-001<\/p>\n<p>**Kuru veya hafif nemli bir bez yard\u0131m\u0131 ile temizlenmelidir. **\u0130\u00e7 mekan kullan\u0131m\u0131 i\u00e7in uygundur. **Ya\u011fmur ve direkt g\u00fcne\u015f \u0131\u015f\u0131\u011f\u0131ndan uzak tutulmal\u0131d\u0131r.<\/p>\n","protected":false},"excerpt":{"rendered":"<p>611CR0000278 BROWN YATAK+1 KOM.(CAC20-701) 100x200cm (KOM.35x50x71cm) CAC20-001 **Kuru veya hafif nemli bir bez yard\u0131m\u0131 ile temizlenmelidir. **\u0130\u00e7 mekan kullan\u0131m\u0131 i\u00e7in uygundur. **Ya\u011fmur ve direkt g\u00fcne\u015f \u0131\u015f\u0131\u011f\u0131ndan uzak tutulmal\u0131d\u0131r.<\/p>\n","protected":false},"featured_media":26698,"template":"","meta":[],"product_brand":[],"product_cat":[146],"product_tag":[5840],"class_list":{"0":"post-26697","1":"product","2":"type-product","3":"status-publish","4":"has-post-thumbnail","6":"product_cat-611cr","7":"product_tag-611cr0000278","9":"first","10":"instock","11":"taxable","12":"shipping-taxable","13":"product-type-simple"},"_links":{"self":[{"href":"https:\/\/kervanmagazacilik.com\/index.php\/wp-json\/wp\/v2\/product\/26697","targetHints":{"allow":["GET"]}}],"collection":[{"href":"https:\/\/kervanmagazacilik.com\/index.php\/wp-json\/wp\/v2\/product"}],"about":[{"href":"https:\/\/kervanmagazacilik.com\/index.php\/wp-json\/wp\/v2\/types\/product"}],"wp:featuredmedia":[{"embeddable":true,"href":"https:\/\/kervanmagazacilik.com\/index.php\/wp-json\/wp\/v2\/media\/26698"}],"wp:attachment":[{"href":"https:\/\/kervanmagazacilik.com\/index.php\/wp-json\/wp\/v2\/media?parent=26697"}],"wp:term":[{"taxonomy":"product_brand","embeddable":true,"href":"https:\/\/kervanmagazacilik.com\/index.php\/wp-json\/wp\/v2\/product_brand?post=26697"},{"taxonomy":"product_cat","embeddable":true,"href":"https:\/\/kervanmagazacilik.com\/index.php\/wp-json\/wp\/v2\/product_cat?post=26697"},{"taxonomy":"product_tag","embeddable":true,"href":"https:\/\/kervanmagazacilik.com\/index.php\/wp-json\/wp\/v2\/product_tag?post=26697"}],"curies":[{"name":"wp","href":"https:\/\/api.w.org\/{rel}","templated":true}]}}