{"id":26691,"date":"2025-06-17T09:34:02","date_gmt":"2025-06-17T06:34:02","guid":{"rendered":"https:\/\/kervanmagazacilik.com\/?post_type=product&#038;p=26691"},"modified":"2025-06-17T09:34:02","modified_gmt":"2025-06-17T06:34:02","slug":"611cr0000259","status":"publish","type":"product","link":"https:\/\/kervanmagazacilik.com\/index.php\/urun\/611cr0000259\/","title":{"rendered":"611CR0000259"},"content":{"rendered":"<p>611CR0000259<\/p>\n<p>G\u00dcNE\u015e CAC1-001 YATAK+2 KOMODIN (CAC1-702) 180x200cm+KOMODIN:45x40x65cm<\/p>\n<p>KOMOD\u0130N : 45x40x65cm<\/p>\n<p>MANGO A\u011eACI<br \/>\nH\u0130ND\u0130STAN&#8217;DA \u00dcRET\u0130LM\u0130\u015eT\u0130R<\/p>\n","protected":false},"excerpt":{"rendered":"<p>611CR0000259 G\u00dcNE\u015e CAC1-001 YATAK+2 KOMODIN (CAC1-702) 180x200cm+KOMODIN:45x40x65cm KOMOD\u0130N : 45x40x65cm MANGO A\u011eACI H\u0130ND\u0130STAN&#8217;DA \u00dcRET\u0130LM\u0130\u015eT\u0130R<\/p>\n","protected":false},"featured_media":26692,"template":"","meta":[],"product_brand":[],"product_cat":[146],"product_tag":[5838],"class_list":{"0":"post-26691","1":"product","2":"type-product","3":"status-publish","4":"has-post-thumbnail","6":"product_cat-611cr","7":"product_tag-611cr0000259","9":"first","10":"instock","11":"taxable","12":"shipping-taxable","13":"product-type-simple"},"_links":{"self":[{"href":"https:\/\/kervanmagazacilik.com\/index.php\/wp-json\/wp\/v2\/product\/26691","targetHints":{"allow":["GET"]}}],"collection":[{"href":"https:\/\/kervanmagazacilik.com\/index.php\/wp-json\/wp\/v2\/product"}],"about":[{"href":"https:\/\/kervanmagazacilik.com\/index.php\/wp-json\/wp\/v2\/types\/product"}],"wp:featuredmedia":[{"embeddable":true,"href":"https:\/\/kervanmagazacilik.com\/index.php\/wp-json\/wp\/v2\/media\/26692"}],"wp:attachment":[{"href":"https:\/\/kervanmagazacilik.com\/index.php\/wp-json\/wp\/v2\/media?parent=26691"}],"wp:term":[{"taxonomy":"product_brand","embeddable":true,"href":"https:\/\/kervanmagazacilik.com\/index.php\/wp-json\/wp\/v2\/product_brand?post=26691"},{"taxonomy":"product_cat","embeddable":true,"href":"https:\/\/kervanmagazacilik.com\/index.php\/wp-json\/wp\/v2\/product_cat?post=26691"},{"taxonomy":"product_tag","embeddable":true,"href":"https:\/\/kervanmagazacilik.com\/index.php\/wp-json\/wp\/v2\/product_tag?post=26691"}],"curies":[{"name":"wp","href":"https:\/\/api.w.org\/{rel}","templated":true}]}}