{"id":26675,"date":"2025-06-17T08:19:27","date_gmt":"2025-06-17T05:19:27","guid":{"rendered":"https:\/\/kervanmagazacilik.com\/?post_type=product&#038;p=26675"},"modified":"2025-06-17T08:19:27","modified_gmt":"2025-06-17T05:19:27","slug":"611coc000135","status":"publish","type":"product","link":"https:\/\/kervanmagazacilik.com\/index.php\/urun\/611coc000135\/","title":{"rendered":"611COC000135"},"content":{"rendered":"<p>611COC000135<\/p>\n<p>DERI PUF 45cmQx36cm<\/p>\n<p>K\u0131sa Ad :<br \/>\n\u00d6zel Not :<br \/>\nUzun Not : MANGO A\u011eACI<br \/>\nStok A\u00e7\u0131klamalar\u0131 : A\u00e7yklama1 : MANGO A\u011eACI<br \/>\nA\u00e7yklama9 : H\u0130ND\u0130STAN&#8217;DA \u00dcRET\u0130LM\u0130\u015eT\u0130R<\/p>\n","protected":false},"excerpt":{"rendered":"<p>611COC000135 DERI PUF 45cmQx36cm K\u0131sa Ad : \u00d6zel Not : Uzun Not : MANGO A\u011eACI Stok A\u00e7\u0131klamalar\u0131 : A\u00e7yklama1 : MANGO A\u011eACI A\u00e7yklama9 : H\u0130ND\u0130STAN&#8217;DA \u00dcRET\u0130LM\u0130\u015eT\u0130R<\/p>\n","protected":false},"featured_media":26676,"template":"","meta":[],"product_brand":[],"product_cat":[5797],"product_tag":[5835],"class_list":{"0":"post-26675","1":"product","2":"type-product","3":"status-publish","4":"has-post-thumbnail","6":"product_cat-611coc","7":"product_tag-611coc000135","9":"first","10":"instock","11":"taxable","12":"shipping-taxable","13":"product-type-simple"},"_links":{"self":[{"href":"https:\/\/kervanmagazacilik.com\/index.php\/wp-json\/wp\/v2\/product\/26675","targetHints":{"allow":["GET"]}}],"collection":[{"href":"https:\/\/kervanmagazacilik.com\/index.php\/wp-json\/wp\/v2\/product"}],"about":[{"href":"https:\/\/kervanmagazacilik.com\/index.php\/wp-json\/wp\/v2\/types\/product"}],"wp:featuredmedia":[{"embeddable":true,"href":"https:\/\/kervanmagazacilik.com\/index.php\/wp-json\/wp\/v2\/media\/26676"}],"wp:attachment":[{"href":"https:\/\/kervanmagazacilik.com\/index.php\/wp-json\/wp\/v2\/media?parent=26675"}],"wp:term":[{"taxonomy":"product_brand","embeddable":true,"href":"https:\/\/kervanmagazacilik.com\/index.php\/wp-json\/wp\/v2\/product_brand?post=26675"},{"taxonomy":"product_cat","embeddable":true,"href":"https:\/\/kervanmagazacilik.com\/index.php\/wp-json\/wp\/v2\/product_cat?post=26675"},{"taxonomy":"product_tag","embeddable":true,"href":"https:\/\/kervanmagazacilik.com\/index.php\/wp-json\/wp\/v2\/product_tag?post=26675"}],"curies":[{"name":"wp","href":"https:\/\/api.w.org\/{rel}","templated":true}]}}