{"id":26559,"date":"2025-06-12T10:29:00","date_gmt":"2025-06-12T07:29:00","guid":{"rendered":"https:\/\/kervanmagazacilik.com\/?post_type=product&#038;p=26559"},"modified":"2025-06-12T10:29:00","modified_gmt":"2025-06-12T07:29:00","slug":"611artf00472","status":"publish","type":"product","link":"https:\/\/kervanmagazacilik.com\/index.php\/urun\/611artf00472\/","title":{"rendered":"611ARTF00472"},"content":{"rendered":"<p>611ARTF00472<\/p>\n<p>BLANC ORTA SEHPA D\u0130KD\u00d6RTGEN CAMLI 73x137x43cm 289300-1040<\/p>\n<p>Masif, Re\u00e7ine, Metal, Cam<\/p>\n<p>&nbsp;<\/p>\n","protected":false},"excerpt":{"rendered":"<p>611ARTF00472 BLANC ORTA SEHPA D\u0130KD\u00d6RTGEN CAMLI 73x137x43cm 289300-1040 Masif, Re\u00e7ine, Metal, Cam &nbsp;<\/p>\n","protected":false},"featured_media":26560,"template":"","meta":[],"product_brand":[],"product_cat":[41],"product_tag":[5820],"class_list":{"0":"post-26559","1":"product","2":"type-product","3":"status-publish","4":"has-post-thumbnail","6":"product_cat-611artf","7":"product_tag-611artf00472","9":"first","10":"instock","11":"taxable","12":"shipping-taxable","13":"product-type-simple"},"_links":{"self":[{"href":"https:\/\/kervanmagazacilik.com\/index.php\/wp-json\/wp\/v2\/product\/26559","targetHints":{"allow":["GET"]}}],"collection":[{"href":"https:\/\/kervanmagazacilik.com\/index.php\/wp-json\/wp\/v2\/product"}],"about":[{"href":"https:\/\/kervanmagazacilik.com\/index.php\/wp-json\/wp\/v2\/types\/product"}],"wp:featuredmedia":[{"embeddable":true,"href":"https:\/\/kervanmagazacilik.com\/index.php\/wp-json\/wp\/v2\/media\/26560"}],"wp:attachment":[{"href":"https:\/\/kervanmagazacilik.com\/index.php\/wp-json\/wp\/v2\/media?parent=26559"}],"wp:term":[{"taxonomy":"product_brand","embeddable":true,"href":"https:\/\/kervanmagazacilik.com\/index.php\/wp-json\/wp\/v2\/product_brand?post=26559"},{"taxonomy":"product_cat","embeddable":true,"href":"https:\/\/kervanmagazacilik.com\/index.php\/wp-json\/wp\/v2\/product_cat?post=26559"},{"taxonomy":"product_tag","embeddable":true,"href":"https:\/\/kervanmagazacilik.com\/index.php\/wp-json\/wp\/v2\/product_tag?post=26559"}],"curies":[{"name":"wp","href":"https:\/\/api.w.org\/{rel}","templated":true}]}}