{"id":26542,"date":"2025-06-12T10:15:55","date_gmt":"2025-06-12T07:15:55","guid":{"rendered":"https:\/\/kervanmagazacilik.com\/?post_type=product&#038;p=26542"},"modified":"2025-06-12T10:15:56","modified_gmt":"2025-06-12T07:15:56","slug":"611artf00427","status":"publish","type":"product","link":"https:\/\/kervanmagazacilik.com\/index.php\/urun\/611artf00427\/","title":{"rendered":"611ARTF00427"},"content":{"rendered":"<p>611ARTF00427<\/p>\n<p>CASSAT \u00dc\u00c7L\u00dc KOLTUK KREM 95x239x86cm 522501-5302AA<\/p>\n<p>Di\u015fbudak kabartmal\u0131 masif<\/p>\n","protected":false},"excerpt":{"rendered":"<p>611ARTF00427 CASSAT \u00dc\u00c7L\u00dc KOLTUK KREM 95x239x86cm 522501-5302AA Di\u015fbudak kabartmal\u0131 masif<\/p>\n","protected":false},"featured_media":26543,"template":"","meta":[],"product_brand":[],"product_cat":[41],"product_tag":[5818],"class_list":{"0":"post-26542","1":"product","2":"type-product","3":"status-publish","4":"has-post-thumbnail","6":"product_cat-611artf","7":"product_tag-611artf00427","9":"first","10":"instock","11":"taxable","12":"shipping-taxable","13":"product-type-simple"},"_links":{"self":[{"href":"https:\/\/kervanmagazacilik.com\/index.php\/wp-json\/wp\/v2\/product\/26542","targetHints":{"allow":["GET"]}}],"collection":[{"href":"https:\/\/kervanmagazacilik.com\/index.php\/wp-json\/wp\/v2\/product"}],"about":[{"href":"https:\/\/kervanmagazacilik.com\/index.php\/wp-json\/wp\/v2\/types\/product"}],"wp:featuredmedia":[{"embeddable":true,"href":"https:\/\/kervanmagazacilik.com\/index.php\/wp-json\/wp\/v2\/media\/26543"}],"wp:attachment":[{"href":"https:\/\/kervanmagazacilik.com\/index.php\/wp-json\/wp\/v2\/media?parent=26542"}],"wp:term":[{"taxonomy":"product_brand","embeddable":true,"href":"https:\/\/kervanmagazacilik.com\/index.php\/wp-json\/wp\/v2\/product_brand?post=26542"},{"taxonomy":"product_cat","embeddable":true,"href":"https:\/\/kervanmagazacilik.com\/index.php\/wp-json\/wp\/v2\/product_cat?post=26542"},{"taxonomy":"product_tag","embeddable":true,"href":"https:\/\/kervanmagazacilik.com\/index.php\/wp-json\/wp\/v2\/product_tag?post=26542"}],"curies":[{"name":"wp","href":"https:\/\/api.w.org\/{rel}","templated":true}]}}