{"id":26507,"date":"2025-06-04T17:31:08","date_gmt":"2025-06-04T14:31:08","guid":{"rendered":"https:\/\/kervanmagazacilik.com\/?post_type=product&#038;p=26507"},"modified":"2025-06-04T17:31:08","modified_gmt":"2025-06-04T14:31:08","slug":"611artf00422","status":"publish","type":"product","link":"https:\/\/kervanmagazacilik.com\/index.php\/urun\/611artf00422\/","title":{"rendered":"611ARTF00422"},"content":{"rendered":"<p>611ARTF00422<\/p>\n<p>ALOVE MARK\u0130Z 47x152x47cm 321149-1241<\/p>\n<p>Akasya masif ve demir<\/p>\n<p>Poli-pamuk kar\u0131\u015f\u0131m\u0131 kuma\u015f \u00e7izgili bir desene sahiptir<\/p>\n","protected":false},"excerpt":{"rendered":"<p>611ARTF00422 ALOVE MARK\u0130Z 47x152x47cm 321149-1241 Akasya masif ve demir Poli-pamuk kar\u0131\u015f\u0131m\u0131 kuma\u015f \u00e7izgili bir desene sahiptir<\/p>\n","protected":false},"featured_media":26514,"template":"","meta":[],"product_brand":[],"product_cat":[41],"product_tag":[5816],"class_list":{"0":"post-26507","1":"product","2":"type-product","3":"status-publish","4":"has-post-thumbnail","6":"product_cat-611artf","7":"product_tag-611artf00422","9":"first","10":"instock","11":"taxable","12":"shipping-taxable","13":"product-type-simple"},"_links":{"self":[{"href":"https:\/\/kervanmagazacilik.com\/index.php\/wp-json\/wp\/v2\/product\/26507","targetHints":{"allow":["GET"]}}],"collection":[{"href":"https:\/\/kervanmagazacilik.com\/index.php\/wp-json\/wp\/v2\/product"}],"about":[{"href":"https:\/\/kervanmagazacilik.com\/index.php\/wp-json\/wp\/v2\/types\/product"}],"wp:featuredmedia":[{"embeddable":true,"href":"https:\/\/kervanmagazacilik.com\/index.php\/wp-json\/wp\/v2\/media\/26514"}],"wp:attachment":[{"href":"https:\/\/kervanmagazacilik.com\/index.php\/wp-json\/wp\/v2\/media?parent=26507"}],"wp:term":[{"taxonomy":"product_brand","embeddable":true,"href":"https:\/\/kervanmagazacilik.com\/index.php\/wp-json\/wp\/v2\/product_brand?post=26507"},{"taxonomy":"product_cat","embeddable":true,"href":"https:\/\/kervanmagazacilik.com\/index.php\/wp-json\/wp\/v2\/product_cat?post=26507"},{"taxonomy":"product_tag","embeddable":true,"href":"https:\/\/kervanmagazacilik.com\/index.php\/wp-json\/wp\/v2\/product_tag?post=26507"}],"curies":[{"name":"wp","href":"https:\/\/api.w.org\/{rel}","templated":true}]}}