{"id":26496,"date":"2025-06-04T16:53:41","date_gmt":"2025-06-04T13:53:41","guid":{"rendered":"https:\/\/kervanmagazacilik.com\/?post_type=product&#038;p=26496"},"modified":"2025-06-04T16:53:44","modified_gmt":"2025-06-04T13:53:44","slug":"611artf00420","status":"publish","type":"product","link":"https:\/\/kervanmagazacilik.com\/index.php\/urun\/611artf00420\/","title":{"rendered":"611ARTF00420"},"content":{"rendered":"<p>611ARTF00420<\/p>\n<p>ALOVE YATAK KREM-KAHVE 180x236x183cm 321135-2801FB-HB-RS<\/p>\n<p>AKASYA MAS\u0130F<\/p>\n<p>Yatak i\u00e7in i\u00e7 yatak \u00f6l\u00e7\u00fcs\u00fc 153 x 203 cm&#8217;dir.<\/p>\n","protected":false},"excerpt":{"rendered":"<p>611ARTF00420 ALOVE YATAK KREM-KAHVE 180x236x183cm 321135-2801FB-HB-RS AKASYA MAS\u0130F Yatak i\u00e7in i\u00e7 yatak \u00f6l\u00e7\u00fcs\u00fc 153 x 203 cm&#8217;dir.<\/p>\n","protected":false},"featured_media":26497,"template":"","meta":[],"product_brand":[],"product_cat":[41],"product_tag":[5814],"class_list":{"0":"post-26496","1":"product","2":"type-product","3":"status-publish","4":"has-post-thumbnail","6":"product_cat-611artf","7":"product_tag-611artf00420","9":"first","10":"instock","11":"taxable","12":"shipping-taxable","13":"product-type-simple"},"_links":{"self":[{"href":"https:\/\/kervanmagazacilik.com\/index.php\/wp-json\/wp\/v2\/product\/26496","targetHints":{"allow":["GET"]}}],"collection":[{"href":"https:\/\/kervanmagazacilik.com\/index.php\/wp-json\/wp\/v2\/product"}],"about":[{"href":"https:\/\/kervanmagazacilik.com\/index.php\/wp-json\/wp\/v2\/types\/product"}],"wp:featuredmedia":[{"embeddable":true,"href":"https:\/\/kervanmagazacilik.com\/index.php\/wp-json\/wp\/v2\/media\/26497"}],"wp:attachment":[{"href":"https:\/\/kervanmagazacilik.com\/index.php\/wp-json\/wp\/v2\/media?parent=26496"}],"wp:term":[{"taxonomy":"product_brand","embeddable":true,"href":"https:\/\/kervanmagazacilik.com\/index.php\/wp-json\/wp\/v2\/product_brand?post=26496"},{"taxonomy":"product_cat","embeddable":true,"href":"https:\/\/kervanmagazacilik.com\/index.php\/wp-json\/wp\/v2\/product_cat?post=26496"},{"taxonomy":"product_tag","embeddable":true,"href":"https:\/\/kervanmagazacilik.com\/index.php\/wp-json\/wp\/v2\/product_tag?post=26496"}],"curies":[{"name":"wp","href":"https:\/\/api.w.org\/{rel}","templated":true}]}}