{"id":26458,"date":"2025-06-04T12:39:45","date_gmt":"2025-06-04T09:39:45","guid":{"rendered":"https:\/\/kervanmagazacilik.com\/?post_type=product&#038;p=26458"},"modified":"2025-06-04T12:39:45","modified_gmt":"2025-06-04T09:39:45","slug":"611artf00252","status":"publish","type":"product","link":"https:\/\/kervanmagazacilik.com\/index.php\/urun\/611artf00252\/","title":{"rendered":"611ARTF00252"},"content":{"rendered":"<p>611ARTF00252<\/p>\n<p>SOMERTON YATAK BEJ 165x235x185cm 303155-2817FB-HB-RS<\/p>\n<p>Yatak i\u00e7in i\u00e7 yatak \u00f6l\u00e7\u00fcs\u00fc 153 x 203 cm&#8217;dir.<\/p>\n<p>Yata\u011f\u0131n i\u00e7 \u00f6l\u00e7\u00fcs\u00fc:158x198cm<\/p>\n","protected":false},"excerpt":{"rendered":"<p>611ARTF00252 SOMERTON YATAK BEJ 165x235x185cm 303155-2817FB-HB-RS Yatak i\u00e7in i\u00e7 yatak \u00f6l\u00e7\u00fcs\u00fc 153 x 203 cm&#8217;dir. Yata\u011f\u0131n i\u00e7 \u00f6l\u00e7\u00fcs\u00fc:158x198cm<\/p>\n","protected":false},"featured_media":26461,"template":"","meta":[],"product_brand":[],"product_cat":[41],"product_tag":[5807],"class_list":{"0":"post-26458","1":"product","2":"type-product","3":"status-publish","4":"has-post-thumbnail","6":"product_cat-611artf","7":"product_tag-611artf00252","9":"first","10":"instock","11":"taxable","12":"shipping-taxable","13":"product-type-simple"},"_links":{"self":[{"href":"https:\/\/kervanmagazacilik.com\/index.php\/wp-json\/wp\/v2\/product\/26458","targetHints":{"allow":["GET"]}}],"collection":[{"href":"https:\/\/kervanmagazacilik.com\/index.php\/wp-json\/wp\/v2\/product"}],"about":[{"href":"https:\/\/kervanmagazacilik.com\/index.php\/wp-json\/wp\/v2\/types\/product"}],"wp:featuredmedia":[{"embeddable":true,"href":"https:\/\/kervanmagazacilik.com\/index.php\/wp-json\/wp\/v2\/media\/26461"}],"wp:attachment":[{"href":"https:\/\/kervanmagazacilik.com\/index.php\/wp-json\/wp\/v2\/media?parent=26458"}],"wp:term":[{"taxonomy":"product_brand","embeddable":true,"href":"https:\/\/kervanmagazacilik.com\/index.php\/wp-json\/wp\/v2\/product_brand?post=26458"},{"taxonomy":"product_cat","embeddable":true,"href":"https:\/\/kervanmagazacilik.com\/index.php\/wp-json\/wp\/v2\/product_cat?post=26458"},{"taxonomy":"product_tag","embeddable":true,"href":"https:\/\/kervanmagazacilik.com\/index.php\/wp-json\/wp\/v2\/product_tag?post=26458"}],"curies":[{"name":"wp","href":"https:\/\/api.w.org\/{rel}","templated":true}]}}