{"id":26317,"date":"2025-05-26T09:03:56","date_gmt":"2025-05-26T06:03:56","guid":{"rendered":"https:\/\/kervanmagazacilik.com\/?post_type=product&#038;p=26317"},"modified":"2025-05-26T09:03:56","modified_gmt":"2025-05-26T06:03:56","slug":"759ozv000297","status":"publish","type":"product","link":"https:\/\/kervanmagazacilik.com\/index.php\/urun\/759ozv000297\/","title":{"rendered":"759OZV000297"},"content":{"rendered":"<p>759OZV000297<\/p>\n<p>AYNALI STAND 34&#215;34 cm<\/p>\n<p>MALZEME: Poli\u00fcretan+Cam<br \/>\n\u00d6l\u00e7\u00fcler +\/- 5 cm de\u011fi\u015fkenlik g\u00f6sterebilir<br \/>\nHafif nemli bezle silinebilir<\/p>\n<p>Vazo, camd\u0131r.<\/p>\n<p>&nbsp;<\/p>\n","protected":false},"excerpt":{"rendered":"<p>759OZV000297 AYNALI STAND 34&#215;34 cm MALZEME: Poli\u00fcretan+Cam \u00d6l\u00e7\u00fcler +\/- 5 cm de\u011fi\u015fkenlik g\u00f6sterebilir Hafif nemli bezle silinebilir Vazo, camd\u0131r. &nbsp;<\/p>\n","protected":false},"featured_media":26319,"template":"","meta":[],"product_brand":[],"product_cat":[254],"product_tag":[5762],"class_list":{"0":"post-26317","1":"product","2":"type-product","3":"status-publish","4":"has-post-thumbnail","6":"product_cat-759ozv","7":"product_tag-759ozv000297","9":"first","10":"instock","11":"taxable","12":"shipping-taxable","13":"product-type-simple"},"_links":{"self":[{"href":"https:\/\/kervanmagazacilik.com\/index.php\/wp-json\/wp\/v2\/product\/26317","targetHints":{"allow":["GET"]}}],"collection":[{"href":"https:\/\/kervanmagazacilik.com\/index.php\/wp-json\/wp\/v2\/product"}],"about":[{"href":"https:\/\/kervanmagazacilik.com\/index.php\/wp-json\/wp\/v2\/types\/product"}],"wp:featuredmedia":[{"embeddable":true,"href":"https:\/\/kervanmagazacilik.com\/index.php\/wp-json\/wp\/v2\/media\/26319"}],"wp:attachment":[{"href":"https:\/\/kervanmagazacilik.com\/index.php\/wp-json\/wp\/v2\/media?parent=26317"}],"wp:term":[{"taxonomy":"product_brand","embeddable":true,"href":"https:\/\/kervanmagazacilik.com\/index.php\/wp-json\/wp\/v2\/product_brand?post=26317"},{"taxonomy":"product_cat","embeddable":true,"href":"https:\/\/kervanmagazacilik.com\/index.php\/wp-json\/wp\/v2\/product_cat?post=26317"},{"taxonomy":"product_tag","embeddable":true,"href":"https:\/\/kervanmagazacilik.com\/index.php\/wp-json\/wp\/v2\/product_tag?post=26317"}],"curies":[{"name":"wp","href":"https:\/\/api.w.org\/{rel}","templated":true}]}}