{"id":26143,"date":"2025-05-22T16:12:08","date_gmt":"2025-05-22T13:12:08","guid":{"rendered":"https:\/\/kervanmagazacilik.com\/?post_type=product&#038;p=26143"},"modified":"2025-05-22T16:12:12","modified_gmt":"2025-05-22T13:12:12","slug":"611ydgn00909","status":"publish","type":"product","link":"https:\/\/kervanmagazacilik.com\/index.php\/urun\/611ydgn00909\/","title":{"rendered":"611YDGN00909"},"content":{"rendered":"<p>611YDGN00909<\/p>\n<p>WON D\u00d6RTL\u00dc KOLTUK KAHVE 105x280x70cm<\/p>\n<p>SUN\u0130 DER\u0130<\/p>\n<p>&nbsp;<\/p>\n","protected":false},"excerpt":{"rendered":"<p>611YDGN00909 WON D\u00d6RTL\u00dc KOLTUK KAHVE 105x280x70cm SUN\u0130 DER\u0130 &nbsp;<\/p>\n","protected":false},"featured_media":26144,"template":"","meta":[],"product_brand":[],"product_cat":[5750],"product_tag":[5751],"class_list":{"0":"post-26143","1":"product","2":"type-product","3":"status-publish","4":"has-post-thumbnail","6":"product_cat-611ydgn","7":"product_tag-611ydgn00909","9":"first","10":"instock","11":"taxable","12":"shipping-taxable","13":"product-type-simple"},"_links":{"self":[{"href":"https:\/\/kervanmagazacilik.com\/index.php\/wp-json\/wp\/v2\/product\/26143","targetHints":{"allow":["GET"]}}],"collection":[{"href":"https:\/\/kervanmagazacilik.com\/index.php\/wp-json\/wp\/v2\/product"}],"about":[{"href":"https:\/\/kervanmagazacilik.com\/index.php\/wp-json\/wp\/v2\/types\/product"}],"wp:featuredmedia":[{"embeddable":true,"href":"https:\/\/kervanmagazacilik.com\/index.php\/wp-json\/wp\/v2\/media\/26144"}],"wp:attachment":[{"href":"https:\/\/kervanmagazacilik.com\/index.php\/wp-json\/wp\/v2\/media?parent=26143"}],"wp:term":[{"taxonomy":"product_brand","embeddable":true,"href":"https:\/\/kervanmagazacilik.com\/index.php\/wp-json\/wp\/v2\/product_brand?post=26143"},{"taxonomy":"product_cat","embeddable":true,"href":"https:\/\/kervanmagazacilik.com\/index.php\/wp-json\/wp\/v2\/product_cat?post=26143"},{"taxonomy":"product_tag","embeddable":true,"href":"https:\/\/kervanmagazacilik.com\/index.php\/wp-json\/wp\/v2\/product_tag?post=26143"}],"curies":[{"name":"wp","href":"https:\/\/api.w.org\/{rel}","templated":true}]}}