{"id":26127,"date":"2025-05-22T12:15:49","date_gmt":"2025-05-22T09:15:49","guid":{"rendered":"https:\/\/kervanmagazacilik.com\/?post_type=product&#038;p=26127"},"modified":"2025-05-22T12:15:49","modified_gmt":"2025-05-22T09:15:49","slug":"611mul000007","status":"publish","type":"product","link":"https:\/\/kervanmagazacilik.com\/index.php\/urun\/611mul000007\/","title":{"rendered":"611MUL000007"},"content":{"rendered":"<p>&nbsp;<\/p>\n<p>611MUL000007<\/p>\n<p>ASKILIK V\u0130LLAGE MAHOGANY H501-CMH32 52x52x189cm PECAN CMH32<\/p>\n<p>Bak\u0131m Talimat\u0131<\/p>\n<p>LAKLI MOB\u0130LYA KOLEKS\u0130YONU<\/p>\n<p>HAKKINDA<\/p>\n<p>Willis &amp; Gambier mobilyalar\u0131, \u00f6zenle se\u00e7ilmi\u015f y\u00fcksek kaliteli kerestelerden ve kaplamalardan yap\u0131l\u0131r. Son derece titiz i\u015fleme,<br \/>\nyetenekli el montaj\u0131 ve en \u00fcst d\u00fczey kalite sonland\u0131rma, gurur duyaca\u011f\u0131n\u0131z bir mobilya par\u00e7as\u0131 ald\u0131\u011f\u0131n\u0131zdan emin olman\u0131z\u0131 sa\u011flar.<br \/>\nMobilya, kullan\u0131lmak ve keyif al\u0131nmak i\u00e7in yap\u0131l\u0131r, bu nedenle az bak\u0131m ve ilgiden faydalanacakt\u0131r. Mobilyan\u0131za iyi bakman\u0131z, uzun<br \/>\n\u00f6m\u00fcrl\u00fc olmas\u0131n\u0131 sa\u011flar.<\/p>\n<p>GENEL BAKIM<\/p>\n<p>Tozlar\u0131 da\u011f\u0131tan de\u011fil \u00e7eken bir bezle s\u0131k s\u0131k tozunu al\u0131n. Yemek masalar\u0131 ilk birka\u00e7 ay boyunca d\u00fczensiz g\u00f6lgelenmeyi<br \/>\n\u00f6nlemek i\u00e7in uzat\u0131lm\u0131\u015f halde b\u0131rak\u0131lmal\u0131d\u0131r. G\u00f6lgelenmeyi \u00f6nlemek i\u00e7in y\u00fczeydeki herhangi bir nesne d\u00fczenli olarak hareket<br \/>\nettirilmelidir. (lambalar, kaseler, vazolar vb&#8230;)<\/p>\n<p>D\u00f6k\u00fcnt\u00fcleri asla b\u0131rakmay\u0131n, hemen silme i\u015flemiyle temizleyin.<br \/>\n\u0130\u015faretlemeye kar\u015f\u0131 koruma i\u00e7in, \u00fcnitelerin \u00fcstlerine e\u015fya koyarken her zaman kaliteli masa \u00f6rt\u00fcleri ve bezler kullan\u0131n. Bu,<br \/>\n\u00f6zellikle kau\u00e7uk ayakl\u0131 e\u015fyalar\u0131n \u00fcnitenize yerle\u015ftirilece\u011fi durumlarda \u00f6nemlidir.<\/p>\n<p>Yaz\u0131 yazarken, y\u00fczeyin \u00e7izilmesini \u00f6nlemek i\u00e7in koruyucu bir mat kullan\u0131lmal\u0131d\u0131r.<br \/>\nMobilyalar modern evlerdeki \u00e7o\u011fu s\u0131cakl\u0131\u011fa dayan\u0131r. Ancak radyat\u00f6rlerden, do\u011frudan g\u00fcne\u015f \u0131\u015f\u0131\u011f\u0131ndan veya di\u011fer do\u011frudan \u0131s\u0131<br \/>\nkaynaklar\u0131ndan m\u00fcmk\u00fcn oldu\u011funca uzakta konumland\u0131r\u0131lmal\u0131d\u0131r.<br \/>\nY\u00fcksek do\u011fal \u0131\u015f\u0131k kayna\u011f\u0131 nedeniyle k\u0131\u015f bah\u00e7esine yerle\u015ftirilmemelidir, bu durum hem cilan\u0131n hem de ah\u015fab\u0131n zarar g\u00f6rmesine<br \/>\nneden olabilir.<\/p>\n<p>A\u015f\u0131r\u0131 nemden ka\u00e7\u0131n\u0131n. Bu, e\u011filmeye ve yap\u0131\u015ft\u0131r\u0131c\u0131lar\u0131n gev\u015femesine neden olabilir. Mobilyalar\u0131 klima \u00fcnitelerinden uzak tutun.<\/p>\n<p>K\u00fc\u00e7\u00fck masalar oturmak veya ayakta durmak i\u00e7in kullan\u0131lmamal\u0131d\u0131r.<br \/>\nMobilyalar\u0131 yerle\u015ftirirken her zaman d\u00fczle\u015ftirmeniz \u00f6nerilir. Bu, gard\u0131rop kapaklar\u0131n\u0131n d\u00fcz olmas\u0131n\u0131 ve birle\u015fim yerlerindeki<br \/>\ngereksiz bask\u0131y\u0131 ortadan kald\u0131racakt\u0131r.<\/p>\n<p>TA\u015eIMA VE HAREKET<\/p>\n<p>\u00d6zellikle b\u00fcy\u00fck e\u015fyalar\u0131n\u0131z\u0131 hareket ettirirken mutlaka yard\u0131m al\u0131n.<br \/>\nMobilyalar\u0131 asla s\u00fcr\u00fcklemeyin, daima kald\u0131r\u0131n.<br \/>\nYemek masas\u0131n\u0131 hareket ettirirken mutlaka \u00f6nl\u00fc\u011f\u00fc kald\u0131r\u0131n, asla masa \u00fcst\u00fcn\u00fc kullanarak kald\u0131rmay\u0131n, bu uzatma<br \/>\nmekanizmas\u0131n\u0131n hasar g\u00f6rmesine neden olabilir.<\/p>\n<p>METAL KULPLAR VE BA\u011eLANTI PAR\u00c7ALARI<\/p>\n<p>Saplar\u0131n \u00fczerinde kararmay\u0131 \u00f6nleyen koruyucu lake kaplama bulundu\u011fundan metal cilas\u0131 kullan\u0131lmamal\u0131d\u0131r.<\/p>\n<p>Lake ah\u015fap<\/p>\n<p>Cila sert ve mat\/parlakt\u0131r ancak ezik veya \u00e7atlak olabilir, bu nedenle sert darbelerden ka\u00e7\u0131n\u0131n. Mobilya etiketi \u00f6nermedi\u011fi<br \/>\ns\u00fcrece su kullanmaktan ka\u00e7\u0131n\u0131n. Yeni mobilyalar\u0131n \u00e7o\u011funda dayan\u0131kl\u0131 bir lake kaplama bulunur.<br \/>\nLake ah\u015fab\u0131n g\u00f6r\u00fcn\u00fcm\u00fcn\u00fc korumak i\u00e7in yapman\u0131z gereken tek \u015fey, tiftiksiz bir bezle, a\u011fac\u0131n damarlar\u0131 y\u00f6n\u00fcnde hafif\u00e7e silmektir.<\/p>\n","protected":false},"excerpt":{"rendered":"<p>&nbsp; 611MUL000007 ASKILIK V\u0130LLAGE MAHOGANY H501-CMH32 52x52x189cm PECAN CMH32 Bak\u0131m Talimat\u0131 LAKLI MOB\u0130LYA KOLEKS\u0130YONU HAKKINDA Willis &amp; Gambier mobilyalar\u0131, \u00f6zenle se\u00e7ilmi\u015f y\u00fcksek kaliteli kerestelerden ve kaplamalardan yap\u0131l\u0131r. Son derece titiz i\u015fleme, yetenekli el montaj\u0131 ve en \u00fcst d\u00fczey kalite sonland\u0131rma, gurur duyaca\u011f\u0131n\u0131z bir mobilya par\u00e7as\u0131 ald\u0131\u011f\u0131n\u0131zdan emin olman\u0131z\u0131 sa\u011flar. Mobilya, kullan\u0131lmak ve keyif al\u0131nmak i\u00e7in [&hellip;]<\/p>\n","protected":false},"featured_media":26129,"template":"","meta":[],"product_brand":[],"product_cat":[5728],"product_tag":[],"class_list":{"0":"post-26127","1":"product","2":"type-product","3":"status-publish","4":"has-post-thumbnail","6":"product_cat-611mul","8":"first","9":"instock","10":"taxable","11":"shipping-taxable","12":"product-type-simple"},"_links":{"self":[{"href":"https:\/\/kervanmagazacilik.com\/index.php\/wp-json\/wp\/v2\/product\/26127","targetHints":{"allow":["GET"]}}],"collection":[{"href":"https:\/\/kervanmagazacilik.com\/index.php\/wp-json\/wp\/v2\/product"}],"about":[{"href":"https:\/\/kervanmagazacilik.com\/index.php\/wp-json\/wp\/v2\/types\/product"}],"wp:featuredmedia":[{"embeddable":true,"href":"https:\/\/kervanmagazacilik.com\/index.php\/wp-json\/wp\/v2\/media\/26129"}],"wp:attachment":[{"href":"https:\/\/kervanmagazacilik.com\/index.php\/wp-json\/wp\/v2\/media?parent=26127"}],"wp:term":[{"taxonomy":"product_brand","embeddable":true,"href":"https:\/\/kervanmagazacilik.com\/index.php\/wp-json\/wp\/v2\/product_brand?post=26127"},{"taxonomy":"product_cat","embeddable":true,"href":"https:\/\/kervanmagazacilik.com\/index.php\/wp-json\/wp\/v2\/product_cat?post=26127"},{"taxonomy":"product_tag","embeddable":true,"href":"https:\/\/kervanmagazacilik.com\/index.php\/wp-json\/wp\/v2\/product_tag?post=26127"}],"curies":[{"name":"wp","href":"https:\/\/api.w.org\/{rel}","templated":true}]}}