{"id":26031,"date":"2025-05-21T15:12:32","date_gmt":"2025-05-21T12:12:32","guid":{"rendered":"https:\/\/kervanmagazacilik.com\/?post_type=product&#038;p=26031"},"modified":"2025-05-21T15:12:32","modified_gmt":"2025-05-21T12:12:32","slug":"150063001074","status":"publish","type":"product","link":"https:\/\/kervanmagazacilik.com\/index.php\/urun\/150063001074\/","title":{"rendered":"150063001074"},"content":{"rendered":"<p>150063001074<\/p>\n<p>CLERTO OVAL KUTU<\/p>\n<p>Kuma\u015f, %100 polyester<br \/>\nAksesuar, %100 polyester<br \/>\nSadece kuru bez ile temizleme yap\u0131lmal\u0131r<\/p>\n<p>\u00d6L\u00c7\u00dc:16X35<br \/>\n\u00d6l\u00e7\u00fcler +\/- 5 cm de\u011fi\u015fkenlik g\u00f6sterebilir<\/p>\n<p>ALT GRUP: D\u0130\u011eER TEKST\u0130L \u00dcR\u00dcNLER\u0130<\/p>\n","protected":false},"excerpt":{"rendered":"<p>150063001074 CLERTO OVAL KUTU Kuma\u015f, %100 polyester Aksesuar, %100 polyester Sadece kuru bez ile temizleme yap\u0131lmal\u0131r \u00d6L\u00c7\u00dc:16X35 \u00d6l\u00e7\u00fcler +\/- 5 cm de\u011fi\u015fkenlik g\u00f6sterebilir ALT GRUP: D\u0130\u011eER TEKST\u0130L \u00dcR\u00dcNLER\u0130<\/p>\n","protected":false},"featured_media":26041,"template":"","meta":[],"product_brand":[],"product_cat":[2150],"product_tag":[5732],"class_list":{"0":"post-26031","1":"product","2":"type-product","3":"status-publish","4":"has-post-thumbnail","6":"product_cat-2150","7":"product_tag-5732","9":"first","10":"instock","11":"taxable","12":"shipping-taxable","13":"product-type-simple"},"_links":{"self":[{"href":"https:\/\/kervanmagazacilik.com\/index.php\/wp-json\/wp\/v2\/product\/26031","targetHints":{"allow":["GET"]}}],"collection":[{"href":"https:\/\/kervanmagazacilik.com\/index.php\/wp-json\/wp\/v2\/product"}],"about":[{"href":"https:\/\/kervanmagazacilik.com\/index.php\/wp-json\/wp\/v2\/types\/product"}],"wp:featuredmedia":[{"embeddable":true,"href":"https:\/\/kervanmagazacilik.com\/index.php\/wp-json\/wp\/v2\/media\/26041"}],"wp:attachment":[{"href":"https:\/\/kervanmagazacilik.com\/index.php\/wp-json\/wp\/v2\/media?parent=26031"}],"wp:term":[{"taxonomy":"product_brand","embeddable":true,"href":"https:\/\/kervanmagazacilik.com\/index.php\/wp-json\/wp\/v2\/product_brand?post=26031"},{"taxonomy":"product_cat","embeddable":true,"href":"https:\/\/kervanmagazacilik.com\/index.php\/wp-json\/wp\/v2\/product_cat?post=26031"},{"taxonomy":"product_tag","embeddable":true,"href":"https:\/\/kervanmagazacilik.com\/index.php\/wp-json\/wp\/v2\/product_tag?post=26031"}],"curies":[{"name":"wp","href":"https:\/\/api.w.org\/{rel}","templated":true}]}}